{"id":8,"date":"2016-06-17T16:21:28","date_gmt":"2016-06-17T16:21:28","guid":{"rendered":"http:\/\/kunst-im-bauwagen.com\/?page_id=8"},"modified":"2024-06-10T16:08:53","modified_gmt":"2024-06-10T16:08:53","slug":"ueber-mich","status":"publish","type":"page","link":"https:\/\/kunst-im-bauwagen.com\/?page_id=8","title":{"rendered":"\u00dcber mich"},"content":{"rendered":"<p><a href=\"https:\/\/kunst-im-bauwagen.com\/wp-content\/uploads\/2018\/02\/DSCF1757-2.jpg\"><img loading=\"lazy\" class=\"alignnone wp-image-344 \" src=\"https:\/\/kunst-im-bauwagen.com\/wp-content\/uploads\/2018\/02\/DSCF1757-2.jpg\" alt=\"\" width=\"971\" height=\"1295\" srcset=\"https:\/\/kunst-im-bauwagen.com\/wp-content\/uploads\/2018\/02\/DSCF1757-2.jpg 3862w, https:\/\/kunst-im-bauwagen.com\/wp-content\/uploads\/2018\/02\/DSCF1757-2-225x300.jpg 225w, https:\/\/kunst-im-bauwagen.com\/wp-content\/uploads\/2018\/02\/DSCF1757-2-768x1024.jpg 768w\" sizes=\"(max-width: 971px) 100vw, 971px\" \/><\/a><\/p>\n<p><strong>Pers\u00f6nliches<\/strong><\/p>\n<p>Als studierte Diplom-Biologin bin ich hauptberuflich in der Landschaftsplanung t\u00e4tig. Gleichzeitig war ich schon immer k\u00fcnstlerisch sehr interessiert.<\/p>\n<p>Vor etwa 20 Jahren begann ich mit Ton zu abeiten. Seitem bin ich von diesem Medium fasziniert und setzte mich im Laufe der Jahre intensiv mit unterschiedlichen keramischen Techniken auseinander.<\/p>\n<p><strong>Kurse:<\/strong><\/p>\n<p>2013 und 2014 je 4 Tage Drehen an der Scheibe bei Susanne Schmidt, H\u00f6hr-Grenzhausen<\/p>\n<p>2015 Lernort Drehscheibe Kai Becker: Kunst des Druckens und Siebdruck auf Keramik, Montabaur<\/p>\n<p>2016, 2017, 2018 Fig\u00fcrliche Plastik, VHS Wolfram von Bieren<\/p>\n<p>2017 Maria Gezler-Garzuly \u201eDu und Ich\u201c Serigraphie auf Ton, Keramikmuseum Westerwald<\/p>\n<p>2018\u00a0 1-w\u00f6chiger Workshop mit Maria Gezler-Garzuly im internationalen Keramikzentrum Keskemet<\/p>\n<p>2019 \u201eMixed Media\u201c 1-w\u00f6chiges Seminar bei Georg Kr\u00fcger, Ceramique de la gare, Vogesen<\/p>\n<p>2019 Monika Debus, Workshop Keramikgruppe Grenzhausen<\/p>\n<p>2020 Fritz Rossmann \u201ePorzellan Workshop, Keramikgruppe Grenzhausen<\/p>\n<p>2021\u201cFlaxporzellan\u201c, 1-w\u00f6chiges Seminar, bei Georg Kr\u00fcger, Ceramique de la gare, Vogesen<\/p>\n<p>2022 Bildhauerkurs, 1w\u00f6chiges Seminar bei Wolfram von Bieren, Effeltrich<\/p>\n<p>2023 Kurs &#8222;Mischwesen&#8220; bei der K\u00fcnstlerin Anna Dorothea Klug<\/p>\n<p><strong>Ausstellungen:<\/strong><\/p>\n<p>2009\u00a0 \u201eAdlitzer Schl\u00f6sschen\u201c , Adlitz<\/p>\n<p>2010 \u201cGlockencafe\u201d, Erlangen<\/p>\n<p>2012, 2014, 2015, 2017, 2018, 2021, 2023 war ich Gastgeberin und\/oder ausstellende K\u00fcnstlerin bei \u201eKunst auf der Couch\u201c in Erlangen.<\/p>\n<p>2015, 2016,2017 mit der T\u00f6pferwerkstatt Teilnehmerin bei den Weihnachtsm\u00e4rkten \u201eFingerhood\u201c im E-Werk Erlangen<\/p>\n<p>2017 Ausstellung im \u201eKunstschaufenster \u201eHersbruck<\/p>\n<p>2018 Teilnahme am Martini-Akzente Markt, Schloss Thurn<\/p>\n<p>2018 Teilnahme am Herbstsalon des Kunstvereines Erlangen<\/p>\n<p>2019 Teilnahme am Unikate Markt, Schloss Wiesenthau<\/p>\n<p>2019 Engelausstellung im Cocodrillo , Erlangen<\/p>\n<p>2020 Ausstellung und offene Werkstatt mit der K\u00fcnstlergruppe B11 im alten Landratsamt<\/p>\n<p>2021 Teilnahme am Adventskalender Kunstprojekt<\/p>\n<p>2021 Teilnahme an Projekt art4climate.nuernberg4future<\/p>\n<p>2022 Teilnahme am Kunstautomatenprojekt \u201cKunst Erlangen\u201d<\/p>\n<p>2022 Teilnahme am Festival der freien Kunstszene f\u00fcr Kunst + Kultur \u201cFrei Bordsteinkante\u201d und der damit verbundenen Kunstausstellung im Zam (Zentrum f\u00fcr Austausch und Machen)<\/p>\n<p>2022 WeihnachtsZam ein kleiner aber feiner Markt mit k\u00fcnstlerischen Unikaten .<\/p>\n<p>2023 Mitgliedschaft bei der Gedok Franken und Teilnahme an der Ausstellung &#8222;Es gr\u00fcnt so bunt&#8220;<\/p>\n<p>2023 Herbstsalon des Kunstvereins Erlangen<\/p>\n<p>2024 Teilnahme an der Gedok-Ausstellung &#8222;<strong>Art<\/strong>ig war gestern&#8220;<\/p>\n<p>Ich bin ich aktive Mitarbeiterin bei der Offenen T\u00f6pferwerkstatt des Kulturzentrum E-Werk im Kulturpunkt Bruck, wo ich auch Workshops gebe und bin beteiligt an dem Projekt Kunst_Erlangen (Kunstautomat).<\/p>\n<p><strong>Werkstattadresse und Kontakt:<\/strong><br \/>\nKeramikwerkstatt<br \/>\nSabine Schricker-M\u00fcller<br \/>\nKunstm\u00fchle Paul Schmidt<br \/>\nBr\u00fcckenstr.22<br \/>\nD-90768 F\u00fcrth-Vach<br \/>\nmobil: 017652114535<\/p>\n<p>instagram: claysigns\u00a0 facebook: Sabine Schricker-M\u00fcller<br \/>\nemail: planzeichenSSM@kunst-im-bauwagen.de<\/p>\n<p>Portraitfotos (copyright) <a href=\"http:\/\/elpom-studio.eu\">elpom-studio.eu<\/a><\/p>\n","protected":false},"excerpt":{"rendered":"<p>Pers\u00f6nliches Als studierte Diplom-Biologin bin ich hauptberuflich in der Landschaftsplanung t\u00e4tig. Gleichzeitig war ich schon immer k\u00fcnstlerisch sehr interessiert. Vor etwa 20 Jahren begann ich mit Ton zu abeiten. Seitem bin ich von diesem Medium fasziniert und setzte mich im Laufe der Jahre intensiv mit unterschiedlichen keramischen Techniken auseinander. Kurse: 2013 und 2014 je 4 <a class=\"more-link\" href=\"https:\/\/kunst-im-bauwagen.com\/?page_id=8\">Weiterlesen&#8230;<\/a><\/p>\n","protected":false},"author":1,"featured_media":0,"parent":0,"menu_order":0,"comment_status":"closed","ping_status":"closed","template":"","meta":[],"_links":{"self":[{"href":"https:\/\/kunst-im-bauwagen.com\/index.php?rest_route=\/wp\/v2\/pages\/8"}],"collection":[{"href":"https:\/\/kunst-im-bauwagen.com\/index.php?rest_route=\/wp\/v2\/pages"}],"about":[{"href":"https:\/\/kunst-im-bauwagen.com\/index.php?rest_route=\/wp\/v2\/types\/page"}],"author":[{"embeddable":true,"href":"https:\/\/kunst-im-bauwagen.com\/index.php?rest_route=\/wp\/v2\/users\/1"}],"replies":[{"embeddable":true,"href":"https:\/\/kunst-im-bauwagen.com\/index.php?rest_route=%2Fwp%2Fv2%2Fcomments&post=8"}],"version-history":[{"count":12,"href":"https:\/\/kunst-im-bauwagen.com\/index.php?rest_route=\/wp\/v2\/pages\/8\/revisions"}],"predecessor-version":[{"id":446,"href":"https:\/\/kunst-im-bauwagen.com\/index.php?rest_route=\/wp\/v2\/pages\/8\/revisions\/446"}],"wp:attachment":[{"href":"https:\/\/kunst-im-bauwagen.com\/index.php?rest_route=%2Fwp%2Fv2%2Fmedia&parent=8"}],"curies":[{"name":"wp","href":"https:\/\/api.w.org\/{rel}","templated":true}]}}