{"id":388,"date":"2018-11-21T15:38:08","date_gmt":"2018-11-21T15:38:08","guid":{"rendered":"http:\/\/kunst-im-bauwagen.com\/?page_id=388"},"modified":"2018-11-21T18:34:07","modified_gmt":"2018-11-21T18:34:07","slug":"jahresrueckblick-2018","status":"publish","type":"page","link":"https:\/\/kunst-im-bauwagen.com\/?page_id=388","title":{"rendered":"Jahresr\u00fcckblick 2018"},"content":{"rendered":"<p>2018 war alles in allem nicht nur das Jahr des enlosen Sommers, sondern vor allem in k\u00fcnstlerischer und keramischer Hinsicht f\u00fcr mich ein lehrreiches, spannendes und erfolgreiches Jahr.<\/p>\n<p>Im September war ich auf einem 5-t\u00e4gigen Seminar von Maria Gezler-Garzuly im internationalen Keramikzentrum in Kecskemet, Ungarn.<\/p>\n<div id=\"attachment_394\" style=\"width: 303px\" class=\"wp-caption alignleft\"><a href=\"https:\/\/kunst-im-bauwagen.com\/wp-content\/uploads\/2018\/11\/P9103765.jpg\"><img aria-describedby=\"caption-attachment-394\" loading=\"lazy\" class=\" wp-image-394\" src=\"https:\/\/kunst-im-bauwagen.com\/wp-content\/uploads\/2018\/11\/P9103765-150x150.jpg\" alt=\"\" width=\"293\" height=\"293\" srcset=\"https:\/\/kunst-im-bauwagen.com\/wp-content\/uploads\/2018\/11\/P9103765-150x150.jpg 150w, https:\/\/kunst-im-bauwagen.com\/wp-content\/uploads\/2018\/11\/P9103765-200x200.jpg 200w\" sizes=\"(max-width: 293px) 100vw, 293px\" \/><\/a><p id=\"caption-attachment-394\" class=\"wp-caption-text\">Innenhof des Keramikzentrums<\/p><\/div>\n<div id=\"attachment_393\" style=\"width: 307px\" class=\"wp-caption alignleft\"><a href=\"https:\/\/kunst-im-bauwagen.com\/wp-content\/uploads\/2018\/11\/P9103764.jpg\"><img aria-describedby=\"caption-attachment-393\" loading=\"lazy\" class=\" wp-image-393\" src=\"https:\/\/kunst-im-bauwagen.com\/wp-content\/uploads\/2018\/11\/P9103764-150x150.jpg\" alt=\"\" width=\"297\" height=\"297\" srcset=\"https:\/\/kunst-im-bauwagen.com\/wp-content\/uploads\/2018\/11\/P9103764-150x150.jpg 150w, https:\/\/kunst-im-bauwagen.com\/wp-content\/uploads\/2018\/11\/P9103764-200x200.jpg 200w\" sizes=\"(max-width: 297px) 100vw, 297px\" \/><\/a><p id=\"caption-attachment-393\" class=\"wp-caption-text\">Blick zu den Werkst\u00e4tten<\/p><\/div>\n<p>&nbsp;<\/p>\n<p>&nbsp;<\/p>\n<p>&nbsp;<\/p>\n<p>&nbsp;<\/p>\n<p>&nbsp;<\/p>\n<p>&nbsp;<\/p>\n<p>&nbsp;<\/p>\n<p>&nbsp;<\/p>\n<p>&nbsp;<\/p>\n<p>Ich f\u00fchlte mich ob der Einladung dazu h\u00f6chst geehrt, denn die Teilnehmerinnen waren durchwegs hochkar\u00e4tige und erfahrene Keramikerinnen und das gemeinsame Arbeiten unter der Leitung von Maria war absolut inspirierend und lehrreich.<\/p>\n<div id=\"attachment_398\" style=\"width: 325px\" class=\"wp-caption alignleft\"><a href=\"https:\/\/kunst-im-bauwagen.com\/wp-content\/uploads\/2018\/11\/P9143952.jpg\"><img aria-describedby=\"caption-attachment-398\" loading=\"lazy\" class=\"wp-image-398 \" src=\"https:\/\/kunst-im-bauwagen.com\/wp-content\/uploads\/2018\/11\/P9143952-150x150.jpg\" alt=\"\" width=\"315\" height=\"315\" srcset=\"https:\/\/kunst-im-bauwagen.com\/wp-content\/uploads\/2018\/11\/P9143952-150x150.jpg 150w, https:\/\/kunst-im-bauwagen.com\/wp-content\/uploads\/2018\/11\/P9143952-200x200.jpg 200w\" sizes=\"(max-width: 315px) 100vw, 315px\" \/><\/a><p id=\"caption-attachment-398\" class=\"wp-caption-text\">Ausstellung der Teilnehmer<\/p><\/div>\n<div id=\"attachment_396\" style=\"width: 314px\" class=\"wp-caption alignleft\"><a href=\"https:\/\/kunst-im-bauwagen.com\/wp-content\/uploads\/2018\/11\/P9113814-e1542802602111.jpg\"><img aria-describedby=\"caption-attachment-396\" loading=\"lazy\" class=\"wp-image-396 \" src=\"https:\/\/kunst-im-bauwagen.com\/wp-content\/uploads\/2018\/11\/P9113814-e1542802602111-150x150.jpg\" alt=\"\" width=\"304\" height=\"304\" srcset=\"https:\/\/kunst-im-bauwagen.com\/wp-content\/uploads\/2018\/11\/P9113814-e1542802602111-150x150.jpg 150w, https:\/\/kunst-im-bauwagen.com\/wp-content\/uploads\/2018\/11\/P9113814-e1542802602111-200x200.jpg 200w\" sizes=\"(max-width: 304px) 100vw, 304px\" \/><\/a><p id=\"caption-attachment-396\" class=\"wp-caption-text\">Maria in Aktion<\/p><\/div>\n<p>&nbsp;<\/p>\n<p>&nbsp;<\/p>\n<p>&nbsp;<\/p>\n<p>&nbsp;<\/p>\n<p>&nbsp;<\/p>\n<p>&nbsp;<\/p>\n<p>&nbsp;<\/p>\n<p>&nbsp;<\/p>\n<p>&nbsp;<\/p>\n<p>Dann kam die Bewerbung zum Herbstsalon des Kunstvereins. Bei der eine Bild aus meiner Serie &#8222;Pieces of Barcelona&#8220; ein juriert wurde.<\/p>\n<p><a href=\"https:\/\/kunst-im-bauwagen.com\/wp-content\/uploads\/2018\/11\/PoBeinjuriert.jpg\"><img loading=\"lazy\" class=\"wp-image-427 alignleft\" src=\"https:\/\/kunst-im-bauwagen.com\/wp-content\/uploads\/2018\/11\/PoBeinjuriert-408x1024.jpg\" alt=\"\" width=\"308\" height=\"773\" srcset=\"https:\/\/kunst-im-bauwagen.com\/wp-content\/uploads\/2018\/11\/PoBeinjuriert-408x1024.jpg 408w, https:\/\/kunst-im-bauwagen.com\/wp-content\/uploads\/2018\/11\/PoBeinjuriert-119x300.jpg 119w, https:\/\/kunst-im-bauwagen.com\/wp-content\/uploads\/2018\/11\/PoBeinjuriert-768x1930.jpg 768w, https:\/\/kunst-im-bauwagen.com\/wp-content\/uploads\/2018\/11\/PoBeinjuriert.jpg 1190w\" sizes=\"(max-width: 308px) 100vw, 308px\" \/><\/a><a href=\"https:\/\/kunst-im-bauwagen.com\/wp-content\/uploads\/2018\/11\/PA184010-e1542803834185.jpg\"><img loading=\"lazy\" class=\"wp-image-400 alignleft\" src=\"https:\/\/kunst-im-bauwagen.com\/wp-content\/uploads\/2018\/11\/PA184010-e1542803834185-300x242.jpg\" alt=\"\" width=\"371\" height=\"299\" srcset=\"https:\/\/kunst-im-bauwagen.com\/wp-content\/uploads\/2018\/11\/PA184010-e1542803834185-300x242.jpg 300w, https:\/\/kunst-im-bauwagen.com\/wp-content\/uploads\/2018\/11\/PA184010-e1542803834185-768x618.jpg 768w, https:\/\/kunst-im-bauwagen.com\/wp-content\/uploads\/2018\/11\/PA184010-e1542803834185-1024x824.jpg 1024w\" sizes=\"(max-width: 371px) 100vw, 371px\" \/><\/a><\/p>\n<p>&nbsp;<\/p>\n<p>&nbsp;<\/p>\n<p>&nbsp;<\/p>\n<p>&nbsp;<\/p>\n<p>&nbsp;<\/p>\n<p>&nbsp;<\/p>\n<p>&nbsp;<\/p>\n<p><a href=\"https:\/\/kunst-im-bauwagen.com\/wp-content\/uploads\/2018\/11\/PA184011-e1542803517966.jpg\"><img loading=\"lazy\" class=\"alignleft wp-image-401 size-medium\" src=\"https:\/\/kunst-im-bauwagen.com\/wp-content\/uploads\/2018\/11\/PA184011-e1542803517966-251x300.jpg\" alt=\"\" width=\"251\" height=\"300\" srcset=\"https:\/\/kunst-im-bauwagen.com\/wp-content\/uploads\/2018\/11\/PA184011-e1542803517966-251x300.jpg 251w, https:\/\/kunst-im-bauwagen.com\/wp-content\/uploads\/2018\/11\/PA184011-e1542803517966-768x917.jpg 768w, https:\/\/kunst-im-bauwagen.com\/wp-content\/uploads\/2018\/11\/PA184011-e1542803517966-858x1024.jpg 858w\" sizes=\"(max-width: 251px) 100vw, 251px\" \/><\/a><\/p>\n<p>&nbsp;<\/p>\n<p>&nbsp;<\/p>\n<p>&nbsp;<\/p>\n<p>&nbsp;<\/p>\n<p>&nbsp;<\/p>\n<p>&nbsp;<\/p>\n<p>&nbsp;<\/p>\n<p>&nbsp;<\/p>\n<p>Pieces of Barcelona V, einjuriert<\/p>\n<p>&nbsp;<\/p>\n<p>&nbsp;<\/p>\n<p><a href=\"https:\/\/kunst-im-bauwagen.com\/wp-content\/uploads\/2018\/11\/Kunstwerk1.jpg\"><img loading=\"lazy\" class=\"wp-image-412 alignleft\" src=\"https:\/\/kunst-im-bauwagen.com\/wp-content\/uploads\/2018\/11\/Kunstwerk1-300x224.jpg\" alt=\"\" width=\"244\" height=\"182\" srcset=\"https:\/\/kunst-im-bauwagen.com\/wp-content\/uploads\/2018\/11\/Kunstwerk1-300x224.jpg 300w, https:\/\/kunst-im-bauwagen.com\/wp-content\/uploads\/2018\/11\/Kunstwerk1.jpg 475w\" sizes=\"(max-width: 244px) 100vw, 244px\" \/><\/a>Au\u00df<a href=\"https:\/\/kunst-im-bauwagen.com\/wp-content\/uploads\/2018\/11\/Sabine.jpg\"><img loading=\"lazy\" class=\"wp-image-413 size-medium alignleft\" src=\"https:\/\/kunst-im-bauwagen.com\/wp-content\/uploads\/2018\/11\/Sabine-200x300.jpg\" alt=\"\" width=\"200\" height=\"300\" srcset=\"https:\/\/kunst-im-bauwagen.com\/wp-content\/uploads\/2018\/11\/Sabine-200x300.jpg 200w, https:\/\/kunst-im-bauwagen.com\/wp-content\/uploads\/2018\/11\/Sabine-768x1150.jpg 768w, https:\/\/kunst-im-bauwagen.com\/wp-content\/uploads\/2018\/11\/Sabine-684x1024.jpg 684w, https:\/\/kunst-im-bauwagen.com\/wp-content\/uploads\/2018\/11\/Sabine.jpg 867w\" sizes=\"(max-width: 200px) 100vw, 200px\" \/><\/a>erdem war ich mit Karin Winkler, einer befreundeten K\u00fcnstlerin unter dem Namen &#8222;Kunstwerk&#8220; erstmalig auf dem Weihnachtsmarkt in Schloss Thurn.<\/p>\n<p>Daf\u00fcr waren wir ab Mitte September schwer am produzieren.<\/p>\n<p>Meine Anteil bestand zum einen aus Engeln auf jeder R\u00fcckseite mit einem Gedicht von Rilke,<\/p>\n<p>&nbsp;<\/p>\n<p>&nbsp;<\/p>\n<p><a href=\"https:\/\/kunst-im-bauwagen.com\/wp-content\/uploads\/2018\/11\/Engeldiva.jpg\"><img loading=\"lazy\" class=\"alignleft wp-image-406 \" src=\"https:\/\/kunst-im-bauwagen.com\/wp-content\/uploads\/2018\/11\/Engeldiva-225x300.jpg\" alt=\"\" width=\"215\" height=\"287\" srcset=\"https:\/\/kunst-im-bauwagen.com\/wp-content\/uploads\/2018\/11\/Engeldiva-225x300.jpg 225w, https:\/\/kunst-im-bauwagen.com\/wp-content\/uploads\/2018\/11\/Engeldiva-768x1024.jpg 768w\" sizes=\"(max-width: 215px) 100vw, 215px\" \/><\/a><a href=\"https:\/\/kunst-im-bauwagen.com\/wp-content\/uploads\/2018\/11\/Engelmorgenr\u00f6te.jpg\"><img loading=\"lazy\" class=\"alignleft wp-image-409 \" src=\"https:\/\/kunst-im-bauwagen.com\/wp-content\/uploads\/2018\/11\/Engelmorgenr\u00f6te-228x300.jpg\" alt=\"\" width=\"215\" height=\"283\" srcset=\"https:\/\/kunst-im-bauwagen.com\/wp-content\/uploads\/2018\/11\/Engelmorgenr\u00f6te-228x300.jpg 228w, https:\/\/kunst-im-bauwagen.com\/wp-content\/uploads\/2018\/11\/Engelmorgenr\u00f6te-768x1009.jpg 768w, https:\/\/kunst-im-bauwagen.com\/wp-content\/uploads\/2018\/11\/Engelmorgenr\u00f6te-780x1024.jpg 780w\" sizes=\"(max-width: 215px) 100vw, 215px\" \/><\/a><a href=\"https:\/\/kunst-im-bauwagen.com\/wp-content\/uploads\/2018\/11\/Engelbraun.jpg\"><img loading=\"lazy\" class=\"wp-image-405 alignleft\" src=\"https:\/\/kunst-im-bauwagen.com\/wp-content\/uploads\/2018\/11\/Engelbraun-224x300.jpg\" alt=\"\" width=\"214\" height=\"287\" srcset=\"https:\/\/kunst-im-bauwagen.com\/wp-content\/uploads\/2018\/11\/Engelbraun-224x300.jpg 224w, https:\/\/kunst-im-bauwagen.com\/wp-content\/uploads\/2018\/11\/Engelbraun-768x1028.jpg 768w, https:\/\/kunst-im-bauwagen.com\/wp-content\/uploads\/2018\/11\/Engelbraun-765x1024.jpg 765w\" sizes=\"(max-width: 214px) 100vw, 214px\" \/><\/a><\/p>\n<p>&nbsp;<\/p>\n<p>&nbsp;<\/p>\n<p>&nbsp;<\/p>\n<p>&nbsp;<\/p>\n<p>&nbsp;<\/p>\n<p>&nbsp;<\/p>\n<p>&nbsp;<\/p>\n<p><a href=\"https:\/\/kunst-im-bauwagen.com\/wp-content\/uploads\/2018\/11\/Engelgelb.jpg\"><img loading=\"lazy\" class=\"alignleft wp-image-407 \" src=\"https:\/\/kunst-im-bauwagen.com\/wp-content\/uploads\/2018\/11\/Engelgelb-246x300.jpg\" alt=\"\" width=\"227\" height=\"277\" srcset=\"https:\/\/kunst-im-bauwagen.com\/wp-content\/uploads\/2018\/11\/Engelgelb-246x300.jpg 246w, https:\/\/kunst-im-bauwagen.com\/wp-content\/uploads\/2018\/11\/Engelgelb-768x937.jpg 768w, https:\/\/kunst-im-bauwagen.com\/wp-content\/uploads\/2018\/11\/Engelgelb-839x1024.jpg 839w\" sizes=\"(max-width: 227px) 100vw, 227px\" \/><\/a><a href=\"https:\/\/kunst-im-bauwagen.com\/wp-content\/uploads\/2018\/11\/Engelwei\u00df.jpg\"><img loading=\"lazy\" class=\"alignleft wp-image-410 \" src=\"https:\/\/kunst-im-bauwagen.com\/wp-content\/uploads\/2018\/11\/Engelwei\u00df-230x300.jpg\" alt=\"\" width=\"217\" height=\"283\" srcset=\"https:\/\/kunst-im-bauwagen.com\/wp-content\/uploads\/2018\/11\/Engelwei\u00df-230x300.jpg 230w, https:\/\/kunst-im-bauwagen.com\/wp-content\/uploads\/2018\/11\/Engelwei\u00df-768x1003.jpg 768w, https:\/\/kunst-im-bauwagen.com\/wp-content\/uploads\/2018\/11\/Engelwei\u00df-784x1024.jpg 784w\" sizes=\"(max-width: 217px) 100vw, 217px\" \/><\/a><a href=\"https:\/\/kunst-im-bauwagen.com\/wp-content\/uploads\/2018\/11\/Engelmann.jpg\"><img loading=\"lazy\" class=\"alignleft wp-image-408 \" src=\"https:\/\/kunst-im-bauwagen.com\/wp-content\/uploads\/2018\/11\/Engelmann-212x300.jpg\" alt=\"\" width=\"200\" height=\"283\" srcset=\"https:\/\/kunst-im-bauwagen.com\/wp-content\/uploads\/2018\/11\/Engelmann-212x300.jpg 212w, https:\/\/kunst-im-bauwagen.com\/wp-content\/uploads\/2018\/11\/Engelmann-768x1088.jpg 768w, https:\/\/kunst-im-bauwagen.com\/wp-content\/uploads\/2018\/11\/Engelmann-723x1024.jpg 723w\" sizes=\"(max-width: 200px) 100vw, 200px\" \/><\/a><\/p>\n<p>&nbsp;<\/p>\n<p>&nbsp;<\/p>\n<p>&nbsp;<\/p>\n<p>&nbsp;<\/p>\n<p>&nbsp;<\/p>\n<p>&nbsp;<\/p>\n<p>&nbsp;<\/p>\n<p><a href=\"https:\/\/kunst-im-bauwagen.com\/wp-content\/uploads\/2018\/11\/Engelwei\u00dfr\u00fcckseite.jpg\"><img loading=\"lazy\" class=\"alignleft wp-image-411 \" src=\"https:\/\/kunst-im-bauwagen.com\/wp-content\/uploads\/2018\/11\/Engelwei\u00dfr\u00fcckseite-227x300.jpg\" alt=\"\" width=\"218\" height=\"288\" srcset=\"https:\/\/kunst-im-bauwagen.com\/wp-content\/uploads\/2018\/11\/Engelwei\u00dfr\u00fcckseite-227x300.jpg 227w, https:\/\/kunst-im-bauwagen.com\/wp-content\/uploads\/2018\/11\/Engelwei\u00dfr\u00fcckseite-768x1017.jpg 768w, https:\/\/kunst-im-bauwagen.com\/wp-content\/uploads\/2018\/11\/Engelwei\u00dfr\u00fcckseite-773x1024.jpg 773w\" sizes=\"(max-width: 218px) 100vw, 218px\" \/><\/a><a href=\"https:\/\/kunst-im-bauwagen.com\/wp-content\/uploads\/2018\/11\/Engelblau.jpg\"><img loading=\"lazy\" class=\"alignleft wp-image-404 \" src=\"https:\/\/kunst-im-bauwagen.com\/wp-content\/uploads\/2018\/11\/Engelblau-232x300.jpg\" alt=\"\" width=\"223\" height=\"288\" srcset=\"https:\/\/kunst-im-bauwagen.com\/wp-content\/uploads\/2018\/11\/Engelblau-232x300.jpg 232w, https:\/\/kunst-im-bauwagen.com\/wp-content\/uploads\/2018\/11\/Engelblau-768x992.jpg 768w, https:\/\/kunst-im-bauwagen.com\/wp-content\/uploads\/2018\/11\/Engelblau-793x1024.jpg 793w, https:\/\/kunst-im-bauwagen.com\/wp-content\/uploads\/2018\/11\/Engelblau.jpg 1459w\" sizes=\"(max-width: 223px) 100vw, 223px\" \/><\/a><\/p>\n<p>&nbsp;<\/p>\n<p>&nbsp;<\/p>\n<p>&nbsp;<\/p>\n<p>&nbsp;<\/p>\n<p>&nbsp;<\/p>\n<p>&nbsp;<\/p>\n<p>&nbsp;<\/p>\n<p>goldigen Weihnachtstieren,<\/p>\n<p><a href=\"https:\/\/kunst-im-bauwagen.com\/wp-content\/uploads\/2018\/11\/Weihnachtstiere.jpg\"><img loading=\"lazy\" class=\"alignnone wp-image-428 size-large\" src=\"https:\/\/kunst-im-bauwagen.com\/wp-content\/uploads\/2018\/11\/Weihnachtstiere-1024x576.jpg\" alt=\"\" width=\"780\" height=\"439\" srcset=\"https:\/\/kunst-im-bauwagen.com\/wp-content\/uploads\/2018\/11\/Weihnachtstiere-1024x576.jpg 1024w, https:\/\/kunst-im-bauwagen.com\/wp-content\/uploads\/2018\/11\/Weihnachtstiere-300x169.jpg 300w, https:\/\/kunst-im-bauwagen.com\/wp-content\/uploads\/2018\/11\/Weihnachtstiere-768x432.jpg 768w, https:\/\/kunst-im-bauwagen.com\/wp-content\/uploads\/2018\/11\/Weihnachtstiere-350x197.jpg 350w, https:\/\/kunst-im-bauwagen.com\/wp-content\/uploads\/2018\/11\/Weihnachtstiere-860x484.jpg 860w\" sizes=\"(max-width: 780px) 100vw, 780px\" \/><\/a><\/p>\n<p>und einer Reihe von Taschenvasen.<\/p>\n<p><a href=\"https:\/\/kunst-im-bauwagen.com\/wp-content\/uploads\/2018\/11\/Taschenvasegr\u00fcn2.jpg\"><img loading=\"lazy\" class=\"alignleft wp-image-416 size-medium\" src=\"https:\/\/kunst-im-bauwagen.com\/wp-content\/uploads\/2018\/11\/Taschenvasegr\u00fcn2-211x300.jpg\" alt=\"\" width=\"211\" height=\"300\" srcset=\"https:\/\/kunst-im-bauwagen.com\/wp-content\/uploads\/2018\/11\/Taschenvasegr\u00fcn2-211x300.jpg 211w, https:\/\/kunst-im-bauwagen.com\/wp-content\/uploads\/2018\/11\/Taschenvasegr\u00fcn2-768x1094.jpg 768w, https:\/\/kunst-im-bauwagen.com\/wp-content\/uploads\/2018\/11\/Taschenvasegr\u00fcn2-719x1024.jpg 719w, https:\/\/kunst-im-bauwagen.com\/wp-content\/uploads\/2018\/11\/Taschenvasegr\u00fcn2.jpg 1284w\" sizes=\"(max-width: 211px) 100vw, 211px\" \/><\/a> <a href=\"https:\/\/kunst-im-bauwagen.com\/wp-content\/uploads\/2018\/11\/Taschenvasegr\u00fcn1.jpg\"><img loading=\"lazy\" class=\"wp-image-414 size-medium alignleft\" src=\"https:\/\/kunst-im-bauwagen.com\/wp-content\/uploads\/2018\/11\/Taschenvasegr\u00fcn1-215x300.jpg\" alt=\"\" width=\"215\" height=\"300\" srcset=\"https:\/\/kunst-im-bauwagen.com\/wp-content\/uploads\/2018\/11\/Taschenvasegr\u00fcn1-215x300.jpg 215w, https:\/\/kunst-im-bauwagen.com\/wp-content\/uploads\/2018\/11\/Taschenvasegr\u00fcn1-768x1072.jpg 768w, https:\/\/kunst-im-bauwagen.com\/wp-content\/uploads\/2018\/11\/Taschenvasegr\u00fcn1-733x1024.jpg 733w, https:\/\/kunst-im-bauwagen.com\/wp-content\/uploads\/2018\/11\/Taschenvasegr\u00fcn1.jpg 1226w\" sizes=\"(max-width: 215px) 100vw, 215px\" \/><\/a><\/p>\n<p>&nbsp;<\/p>\n<p><img loading=\"lazy\" class=\"wp-image-417 alignnone\" src=\"https:\/\/kunst-im-bauwagen.com\/wp-content\/uploads\/2018\/11\/Taschenvasen-300x202.jpg\" alt=\"\" width=\"555\" height=\"373\" srcset=\"https:\/\/kunst-im-bauwagen.com\/wp-content\/uploads\/2018\/11\/Taschenvasen-300x202.jpg 300w, https:\/\/kunst-im-bauwagen.com\/wp-content\/uploads\/2018\/11\/Taschenvasen-768x518.jpg 768w, https:\/\/kunst-im-bauwagen.com\/wp-content\/uploads\/2018\/11\/Taschenvasen.jpg 1846w\" sizes=\"(max-width: 555px) 100vw, 555px\" \/><\/p>\n<p>Es hat alles gut geklappt auf dem Akzente -Markt, hat viel Arbeit aber auch Spa\u00df gemacht und war f\u00fcr uns eine gute Erfahrung.<\/p>\n<div id=\"attachment_418\" style=\"width: 790px\" class=\"wp-caption alignnone\"><a href=\"https:\/\/kunst-im-bauwagen.com\/wp-content\/uploads\/2018\/11\/PB104418.jpg\"><img aria-describedby=\"caption-attachment-418\" loading=\"lazy\" class=\"wp-image-418 size-large\" src=\"https:\/\/kunst-im-bauwagen.com\/wp-content\/uploads\/2018\/11\/PB104418-1024x768.jpg\" alt=\"\" width=\"780\" height=\"585\" srcset=\"https:\/\/kunst-im-bauwagen.com\/wp-content\/uploads\/2018\/11\/PB104418-1024x768.jpg 1024w, https:\/\/kunst-im-bauwagen.com\/wp-content\/uploads\/2018\/11\/PB104418-300x225.jpg 300w, https:\/\/kunst-im-bauwagen.com\/wp-content\/uploads\/2018\/11\/PB104418-768x576.jpg 768w\" sizes=\"(max-width: 780px) 100vw, 780px\" \/><\/a><p id=\"caption-attachment-418\" class=\"wp-caption-text\">Unser Stand im Schlosshof von Schloss Thurn<\/p><\/div>\n<p>&nbsp;<\/p>\n<p>&nbsp;<\/p>\n","protected":false},"excerpt":{"rendered":"<p>2018 war alles in allem nicht nur das Jahr des enlosen Sommers, sondern vor allem in k\u00fcnstlerischer und keramischer Hinsicht f\u00fcr mich ein lehrreiches, spannendes und erfolgreiches Jahr. Im September war ich auf einem 5-t\u00e4gigen Seminar von Maria Gezler-Garzuly im internationalen Keramikzentrum in Kecskemet, Ungarn. &nbsp; &nbsp; &nbsp; &nbsp; &nbsp; &nbsp; &nbsp; &nbsp; &nbsp; Ich <a class=\"more-link\" href=\"https:\/\/kunst-im-bauwagen.com\/?page_id=388\">Weiterlesen&#8230;<\/a><\/p>\n","protected":false},"author":1,"featured_media":433,"parent":0,"menu_order":0,"comment_status":"closed","ping_status":"closed","template":"","meta":[],"_links":{"self":[{"href":"https:\/\/kunst-im-bauwagen.com\/index.php?rest_route=\/wp\/v2\/pages\/388"}],"collection":[{"href":"https:\/\/kunst-im-bauwagen.com\/index.php?rest_route=\/wp\/v2\/pages"}],"about":[{"href":"https:\/\/kunst-im-bauwagen.com\/index.php?rest_route=\/wp\/v2\/types\/page"}],"author":[{"embeddable":true,"href":"https:\/\/kunst-im-bauwagen.com\/index.php?rest_route=\/wp\/v2\/users\/1"}],"replies":[{"embeddable":true,"href":"https:\/\/kunst-im-bauwagen.com\/index.php?rest_route=%2Fwp%2Fv2%2Fcomments&post=388"}],"version-history":[{"count":14,"href":"https:\/\/kunst-im-bauwagen.com\/index.php?rest_route=\/wp\/v2\/pages\/388\/revisions"}],"predecessor-version":[{"id":435,"href":"https:\/\/kunst-im-bauwagen.com\/index.php?rest_route=\/wp\/v2\/pages\/388\/revisions\/435"}],"wp:featuredmedia":[{"embeddable":true,"href":"https:\/\/kunst-im-bauwagen.com\/index.php?rest_route=\/wp\/v2\/media\/433"}],"wp:attachment":[{"href":"https:\/\/kunst-im-bauwagen.com\/index.php?rest_route=%2Fwp%2Fv2%2Fmedia&parent=388"}],"curies":[{"name":"wp","href":"https:\/\/api.w.org\/{rel}","templated":true}]}}