{"id":241,"date":"2018-01-08T15:41:38","date_gmt":"2018-01-08T15:41:38","guid":{"rendered":"http:\/\/kunst-im-bauwagen.com\/?page_id=241"},"modified":"2018-02-08T13:46:04","modified_gmt":"2018-02-08T13:46:04","slug":"figuerliches-2","status":"publish","type":"page","link":"https:\/\/kunst-im-bauwagen.com\/?page_id=241","title":{"rendered":"Fig\u00fcrliches"},"content":{"rendered":"<p>Ich arbeite gerne Fig\u00fcrlich, wobei mir der weibliche K\u00f6rper einfach n\u00e4her und vertrauter ist als der m\u00e4nnliche.\u00a0 Dabei spielen oft\u00a0 mythologische Bez\u00fcge, teilweise aktuelle gesellschaftliche oder auch einfach \u00e4sthetische Aspekte eine Rolle.<\/p>\n<p>Der Torso &#8222;Zwischen den Welten&#8220; ist zum Beispiel ein junger Mann mit weiblichen Attributen der weder zeitlich noch kulturell zu einer eindeutig definierten Gesellschaft geh\u00f6rt.<\/p>\n<div id=\"attachment_354\" style=\"width: 2563px\" class=\"wp-caption alignnone\"><a href=\"https:\/\/kunst-im-bauwagen.com\/wp-content\/uploads\/2018\/02\/Zwischn-den-Welten1.jpg\"><img aria-describedby=\"caption-attachment-354\" loading=\"lazy\" class=\"wp-image-354 size-full\" src=\"https:\/\/kunst-im-bauwagen.com\/wp-content\/uploads\/2018\/02\/Zwischn-den-Welten1.jpg\" alt=\"\" width=\"2553\" height=\"3628\" srcset=\"https:\/\/kunst-im-bauwagen.com\/wp-content\/uploads\/2018\/02\/Zwischn-den-Welten1.jpg 2553w, https:\/\/kunst-im-bauwagen.com\/wp-content\/uploads\/2018\/02\/Zwischn-den-Welten1-211x300.jpg 211w, https:\/\/kunst-im-bauwagen.com\/wp-content\/uploads\/2018\/02\/Zwischn-den-Welten1-768x1091.jpg 768w, https:\/\/kunst-im-bauwagen.com\/wp-content\/uploads\/2018\/02\/Zwischn-den-Welten1-721x1024.jpg 721w\" sizes=\"(max-width: 2553px) 100vw, 2553px\" \/><\/a><p id=\"caption-attachment-354\" class=\"wp-caption-text\">Zwischen den Welten<\/p><\/div>\n<p>Die gr\u00f6\u00dfte Frauenfigur ist &#8222;Kali oder die verlassene G\u00f6ttin&#8220; eine durchaus pr\u00e4chtige aber auch m\u00e4chtig und bedrohlich wirkende Frauenb\u00fcste in Anlehnung an die G\u00f6ttin Kali, die alles Leben gibt und wieder nimmt.<\/p>\n<div id=\"attachment_368\" style=\"width: 623px\" class=\"wp-caption alignnone\"><a href=\"https:\/\/kunst-im-bauwagen.com\/wp-content\/uploads\/2018\/02\/Kali.jpg\"><img aria-describedby=\"caption-attachment-368\" loading=\"lazy\" class=\"wp-image-368 size-large\" src=\"https:\/\/kunst-im-bauwagen.com\/wp-content\/uploads\/2018\/02\/Kali-613x1024.jpg\" alt=\"\" width=\"613\" height=\"1024\" srcset=\"https:\/\/kunst-im-bauwagen.com\/wp-content\/uploads\/2018\/02\/Kali-613x1024.jpg 613w, https:\/\/kunst-im-bauwagen.com\/wp-content\/uploads\/2018\/02\/Kali-180x300.jpg 180w, https:\/\/kunst-im-bauwagen.com\/wp-content\/uploads\/2018\/02\/Kali-768x1283.jpg 768w, https:\/\/kunst-im-bauwagen.com\/wp-content\/uploads\/2018\/02\/Kali.jpg 1172w\" sizes=\"(max-width: 613px) 100vw, 613px\" \/><\/a><p id=\"caption-attachment-368\" class=\"wp-caption-text\">Kali oder die verlassene G\u00f6tin<\/p><\/div>\n<p>Kali oder die verlassene<\/p>\n<div id=\"attachment_45\" style=\"width: 160px\" class=\"wp-caption alignleft\"><a href=\"https:\/\/kunst-im-bauwagen.com\/wp-content\/uploads\/2016\/06\/Frauen.jpg\"><img aria-describedby=\"caption-attachment-45\" loading=\"lazy\" class=\"wp-image-45 size-thumbnail\" src=\"https:\/\/kunst-im-bauwagen.com\/wp-content\/uploads\/2016\/06\/Frauen-150x150.jpg\" alt=\"\u201eFrauen\u201c wei\u00dfer Ton, (H490, B260, T90mm) Farbk\u00f6rper, Engoben, Glasur\" width=\"150\" height=\"150\" \/><\/a><p id=\"caption-attachment-45\" class=\"wp-caption-text\">\u201eFrauen\u201c<\/p><\/div>\n<p>Frauen&#8220; symbolisiert die werbewirksame \u201eLitfasss\u00e4ule Frau\u201c mit ihren unterschiedlichen Facetten und Anspruchshaltungen, gekr\u00f6nt von einer ihrer glamour\u00f6sesten Vertreterinnen Marilyn Monroe, deren Kopf aber aus gutem Grund viel zu klein ist f\u00fcr den ganzen Kosmos \u201eWeiblichkeit\u201c.<\/p>\n<p>&nbsp;<\/p>\n<p>&nbsp;<\/p>\n<p>&nbsp;<\/p>\n<p>Die \u201eWindsbraut\u201c bezeichnet eigentlich einen Wirbelwind bzw. eine Wettererscheinung aus der germanischen Mythologie. Sie findet sich hier in Form einer fliegenden weiblichen Wolkenfigur, golden beschienen von der untergehenden Sonne<\/p>\n<div id=\"attachment_373\" style=\"width: 185px\" class=\"wp-caption alignnone\"><a href=\"https:\/\/kunst-im-bauwagen.com\/wp-content\/uploads\/2018\/02\/SSM_Keramik_2015_-280.jpg\"><img aria-describedby=\"caption-attachment-373\" loading=\"lazy\" class=\"wp-image-373 \" src=\"https:\/\/kunst-im-bauwagen.com\/wp-content\/uploads\/2018\/02\/SSM_Keramik_2015_-280-150x150.jpg\" alt=\"\" width=\"175\" height=\"175\" srcset=\"https:\/\/kunst-im-bauwagen.com\/wp-content\/uploads\/2018\/02\/SSM_Keramik_2015_-280-150x150.jpg 150w, https:\/\/kunst-im-bauwagen.com\/wp-content\/uploads\/2018\/02\/SSM_Keramik_2015_-280-200x200.jpg 200w\" sizes=\"(max-width: 175px) 100vw, 175px\" \/><\/a><p id=\"caption-attachment-373\" class=\"wp-caption-text\">Die Windsbraut<\/p><\/div>\n<p>\u201eCulureclash\u201c zeigt die Vitalit\u00e4t und Farbigkeit Afrikas aber auch gleichzeitig seine \u00dcberpr\u00e4gung durch\u00a0die\u00a0 \u201ewei\u00dfe Kultur\u201c und seine eigene Militarisierung und Gewaltbereitschaft.<\/p>\n<p>&nbsp;<\/p>\n<div id=\"attachment_39\" style=\"width: 160px\" class=\"wp-caption alignleft\"><a href=\"https:\/\/kunst-im-bauwagen.com\/wp-content\/uploads\/2016\/06\/IMG_3474.jpg\"><img aria-describedby=\"caption-attachment-39\" loading=\"lazy\" class=\"wp-image-39 size-thumbnail\" src=\"https:\/\/kunst-im-bauwagen.com\/wp-content\/uploads\/2016\/06\/IMG_3474-150x150.jpg\" alt=\"Wei\u00dfer Ton, farbige Engoben, Glasur, Niedrigtemperaturfarben (H45x B37xT26 cm) \" width=\"150\" height=\"150\" \/><\/a><p id=\"caption-attachment-39\" class=\"wp-caption-text\">Culture Clash<\/p><\/div>\n<p style=\"text-align: left;\">\n<p>&nbsp;<\/p>\n<p>&nbsp;<\/p>\n<p>&nbsp;<\/p>\n<p>&nbsp;<\/p>\n<p>Die asiatischen Figuren sind den &#8222;Fat Ladies&#8220; aus der Tang Dynastienachempfunden und stellen unterschiedliche Rollen dar, jede in einer anderen Tonart dargestellt.: die Neidische (Pyritton), die Sch\u00f6ne (roter Ton), die K\u00f6nigliche (schwarzer Ton)<\/p>\n<div id=\"attachment_32\" style=\"width: 160px\" class=\"wp-caption alignleft\"><a href=\"https:\/\/kunst-im-bauwagen.com\/wp-content\/uploads\/2016\/06\/SSM_Keramik_2015_-166.jpg\"><img aria-describedby=\"caption-attachment-32\" loading=\"lazy\" class=\"wp-image-32 size-thumbnail\" src=\"https:\/\/kunst-im-bauwagen.com\/wp-content\/uploads\/2016\/06\/SSM_Keramik_2015_-166-150x150.jpg\" alt=\"Fat Lady3 \u201eDie K\u00f6nigliche\u201c, H 38cm, schwarzer Ton, Engobe, Glasur, Niedrigbrandfarben\" width=\"150\" height=\"150\" \/><\/a><p id=\"caption-attachment-32\" class=\"wp-caption-text\">Fat Lady3 \u201eDie K\u00f6nigliche\u201c<\/p><\/div>\n<div id=\"attachment_41\" style=\"width: 160px\" class=\"wp-caption alignleft\"><a href=\"https:\/\/kunst-im-bauwagen.com\/wp-content\/uploads\/2016\/06\/IMG_3498.jpg\"><img aria-describedby=\"caption-attachment-41\" loading=\"lazy\" class=\"wp-image-41 size-thumbnail\" src=\"https:\/\/kunst-im-bauwagen.com\/wp-content\/uploads\/2016\/06\/IMG_3498-150x150.jpg\" alt=\"Fat Lady3 \u201eDie K\u00f6nigliche\u201c, Seitenansicht\" width=\"150\" height=\"150\" \/><\/a><p id=\"caption-attachment-41\" class=\"wp-caption-text\">Fat Lady3 \u201eDie K\u00f6nigliche\u201c, Seitenansicht<\/p><\/div>\n<div id=\"attachment_165\" style=\"width: 160px\" class=\"wp-caption alignleft\"><a href=\"https:\/\/kunst-im-bauwagen.com\/wp-content\/uploads\/2016\/06\/10342907_556618307789164_7322173360149755357_n.jpg\"><img aria-describedby=\"caption-attachment-165\" loading=\"lazy\" class=\"wp-image-165 size-thumbnail\" src=\"https:\/\/kunst-im-bauwagen.com\/wp-content\/uploads\/2016\/06\/10342907_556618307789164_7322173360149755357_n-150x150.jpg\" alt=\"\" width=\"150\" height=\"150\" \/><\/a><p id=\"caption-attachment-165\" class=\"wp-caption-text\">Fat Lady 1 &#8222;Die Sch\u00f6ne&#8220;<\/p><\/div>\n<div id=\"attachment_40\" style=\"width: 160px\" class=\"wp-caption alignleft\"><a href=\"https:\/\/kunst-im-bauwagen.com\/wp-content\/uploads\/2016\/06\/IMG_3492.jpg\"><img aria-describedby=\"caption-attachment-40\" loading=\"lazy\" class=\"wp-image-40 size-thumbnail\" src=\"https:\/\/kunst-im-bauwagen.com\/wp-content\/uploads\/2016\/06\/IMG_3492-150x150.jpg\" alt=\"Fat Lady 2 \u201eDie Neidische&quot;, Seitenansicht\" width=\"150\" height=\"150\" \/><\/a><p id=\"caption-attachment-40\" class=\"wp-caption-text\">Fat Lady 2 \u201eDie Neidische&#8220;,<br \/> Seitenansicht<\/p><\/div>\n<p>&nbsp;<\/p>\n<p>&nbsp;<\/p>\n<p>&nbsp;<\/p>\n<p>&nbsp;<\/p>\n<p>&nbsp;<\/p>\n<p>&nbsp;<\/p>\n<p>Die &#8222;Gelassenheit&#8220; zeigt eine weibliche an die Buddha -Darstellungen angelehnte Figur, deren Kleidung sich als Bild der aufkommenden Unruhe bereits im Bewegung befindet.<\/p>\n<div id=\"attachment_42\" style=\"width: 224px\" class=\"wp-caption alignleft\"><a href=\"https:\/\/kunst-im-bauwagen.com\/wp-content\/uploads\/2016\/06\/IMG_3508.jpg\"><img aria-describedby=\"caption-attachment-42\" loading=\"lazy\" class=\"wp-image-42 \" src=\"https:\/\/kunst-im-bauwagen.com\/wp-content\/uploads\/2016\/06\/IMG_3508-150x150.jpg\" alt=\"Figur: &quot;Unruhig ruhend&quot;, Seitenansicht\" width=\"214\" height=\"214\" \/><\/a><p id=\"caption-attachment-42\" class=\"wp-caption-text\">Figur: &#8222;Gelassenheit&#8220;<br \/> Seitenansicht<\/p><\/div>\n<div id=\"attachment_34\" style=\"width: 229px\" class=\"wp-caption alignleft\"><a href=\"https:\/\/kunst-im-bauwagen.com\/wp-content\/uploads\/2016\/06\/SSM_Keramik_2015_-187.jpg\"><img aria-describedby=\"caption-attachment-34\" loading=\"lazy\" class=\"wp-image-34 \" src=\"https:\/\/kunst-im-bauwagen.com\/wp-content\/uploads\/2016\/06\/SSM_Keramik_2015_-187-150x150.jpg\" alt=\"Grober cremefarbener Bildhauerton, schwarzer Ton, wei\u00dfe Engobe, Niedrigtemperaturfarbe Gold (H45x B33xT26 cm)\" width=\"219\" height=\"219\" \/><\/a><p id=\"caption-attachment-34\" class=\"wp-caption-text\">&#8222;Gelassenheit&#8220;<\/p><\/div>\n<p>&nbsp;<\/p>\n<p>&nbsp;<\/p>\n<p>&nbsp;<\/p>\n<p>&nbsp;<\/p>\n<p>&nbsp;<\/p>\n<p>&nbsp;<\/p>\n<p>&nbsp;<\/p>\n<p>&nbsp;<\/p>\n<div id=\"attachment_178\" style=\"width: 160px\" class=\"wp-caption alignleft\"><a href=\"https:\/\/kunst-im-bauwagen.com\/wp-content\/uploads\/2016\/06\/IMG_3512-e1466270415599.jpg\"><img aria-describedby=\"caption-attachment-178\" loading=\"lazy\" class=\"wp-image-178 size-thumbnail\" src=\"https:\/\/kunst-im-bauwagen.com\/wp-content\/uploads\/2016\/06\/IMG_3512-e1466270415599-150x150.jpg\" alt=\"\" width=\"150\" height=\"150\" \/><\/a><p id=\"caption-attachment-178\" class=\"wp-caption-text\">Eva<\/p><\/div>\n<div id=\"attachment_35\" style=\"width: 160px\" class=\"wp-caption alignleft\"><a href=\"https:\/\/kunst-im-bauwagen.com\/wp-content\/uploads\/2016\/06\/SSM_Keramik_2015_-226-e1515434150456.jpg\"><img aria-describedby=\"caption-attachment-35\" loading=\"lazy\" class=\"wp-image-35 size-thumbnail\" src=\"https:\/\/kunst-im-bauwagen.com\/wp-content\/uploads\/2016\/06\/SSM_Keramik_2015_-226-e1515434150456-150x150.jpg\" alt=\"\" width=\"150\" height=\"150\" srcset=\"https:\/\/kunst-im-bauwagen.com\/wp-content\/uploads\/2016\/06\/SSM_Keramik_2015_-226-e1515434150456-150x150.jpg 150w, https:\/\/kunst-im-bauwagen.com\/wp-content\/uploads\/2016\/06\/SSM_Keramik_2015_-226-e1515434150456-200x200.jpg 200w\" sizes=\"(max-width: 150px) 100vw, 150px\" \/><\/a><p id=\"caption-attachment-35\" class=\"wp-caption-text\">Eva<\/p><\/div>\n<div id=\"attachment_286\" style=\"width: 160px\" class=\"wp-caption alignleft\"><a href=\"https:\/\/kunst-im-bauwagen.com\/wp-content\/uploads\/2018\/01\/SSM_Keramik_2015_-196.jpg\"><img aria-describedby=\"caption-attachment-286\" loading=\"lazy\" class=\"wp-image-286 size-thumbnail\" src=\"https:\/\/kunst-im-bauwagen.com\/wp-content\/uploads\/2018\/01\/SSM_Keramik_2015_-196-150x150.jpg\" alt=\"\" width=\"150\" height=\"150\" srcset=\"https:\/\/kunst-im-bauwagen.com\/wp-content\/uploads\/2018\/01\/SSM_Keramik_2015_-196-150x150.jpg 150w, https:\/\/kunst-im-bauwagen.com\/wp-content\/uploads\/2018\/01\/SSM_Keramik_2015_-196-200x200.jpg 200w\" sizes=\"(max-width: 150px) 100vw, 150px\" \/><\/a><p id=\"caption-attachment-286\" class=\"wp-caption-text\">Gefesselt<\/p><\/div>\n<div id=\"attachment_287\" style=\"width: 160px\" class=\"wp-caption alignleft\"><a href=\"https:\/\/kunst-im-bauwagen.com\/wp-content\/uploads\/2018\/01\/SSM_Keramik_2015_-202.jpg\"><img aria-describedby=\"caption-attachment-287\" loading=\"lazy\" class=\"wp-image-287 size-thumbnail\" src=\"https:\/\/kunst-im-bauwagen.com\/wp-content\/uploads\/2018\/01\/SSM_Keramik_2015_-202-150x150.jpg\" alt=\"\" width=\"150\" height=\"150\" srcset=\"https:\/\/kunst-im-bauwagen.com\/wp-content\/uploads\/2018\/01\/SSM_Keramik_2015_-202-150x150.jpg 150w, https:\/\/kunst-im-bauwagen.com\/wp-content\/uploads\/2018\/01\/SSM_Keramik_2015_-202-200x200.jpg 200w\" sizes=\"(max-width: 150px) 100vw, 150px\" \/><\/a><p id=\"caption-attachment-287\" class=\"wp-caption-text\">Gefesselt<\/p><\/div>\n<p>&nbsp;<\/p>\n<p>&nbsp;<\/p>\n<p>&nbsp;<\/p>\n<p>&nbsp;<\/p>\n<p>&nbsp;<\/p>\n<div id=\"attachment_288\" style=\"width: 160px\" class=\"wp-caption alignleft\"><a href=\"https:\/\/kunst-im-bauwagen.com\/wp-content\/uploads\/2018\/01\/SSM_Keramik_2015_-205.jpg\"><img aria-describedby=\"caption-attachment-288\" loading=\"lazy\" class=\"wp-image-288 size-thumbnail\" src=\"https:\/\/kunst-im-bauwagen.com\/wp-content\/uploads\/2018\/01\/SSM_Keramik_2015_-205-e1515746437732-150x150.jpg\" alt=\"\" width=\"150\" height=\"150\" srcset=\"https:\/\/kunst-im-bauwagen.com\/wp-content\/uploads\/2018\/01\/SSM_Keramik_2015_-205-e1515746437732-150x150.jpg 150w, https:\/\/kunst-im-bauwagen.com\/wp-content\/uploads\/2018\/01\/SSM_Keramik_2015_-205-e1515746437732-200x200.jpg 200w\" sizes=\"(max-width: 150px) 100vw, 150px\" \/><\/a><p id=\"caption-attachment-288\" class=\"wp-caption-text\">Talk Talk<\/p><\/div>\n<div id=\"attachment_261\" style=\"width: 160px\" class=\"wp-caption alignleft\"><a href=\"https:\/\/kunst-im-bauwagen.com\/wp-content\/uploads\/2018\/01\/20170822_170120.jpg\"><img aria-describedby=\"caption-attachment-261\" loading=\"lazy\" class=\"wp-image-261 size-thumbnail\" src=\"https:\/\/kunst-im-bauwagen.com\/wp-content\/uploads\/2018\/01\/20170822_170120-e1515433330925-150x150.jpg\" alt=\"\" width=\"150\" height=\"150\" srcset=\"https:\/\/kunst-im-bauwagen.com\/wp-content\/uploads\/2018\/01\/20170822_170120-e1515433330925-150x150.jpg 150w, https:\/\/kunst-im-bauwagen.com\/wp-content\/uploads\/2018\/01\/20170822_170120-e1515433330925-200x200.jpg 200w\" sizes=\"(max-width: 150px) 100vw, 150px\" \/><\/a><p id=\"caption-attachment-261\" class=\"wp-caption-text\">falling into pieces<\/p><\/div>\n<div id=\"attachment_257\" style=\"width: 160px\" class=\"wp-caption alignleft\"><a href=\"https:\/\/kunst-im-bauwagen.com\/wp-content\/uploads\/2018\/01\/20170621_184639-e1515433868843.jpg\"><img aria-describedby=\"caption-attachment-257\" loading=\"lazy\" class=\"wp-image-257 size-thumbnail\" src=\"https:\/\/kunst-im-bauwagen.com\/wp-content\/uploads\/2018\/01\/20170621_184639-e1515433868843-150x150.jpg\" alt=\"\" width=\"150\" height=\"150\" srcset=\"https:\/\/kunst-im-bauwagen.com\/wp-content\/uploads\/2018\/01\/20170621_184639-e1515433868843-150x150.jpg 150w, https:\/\/kunst-im-bauwagen.com\/wp-content\/uploads\/2018\/01\/20170621_184639-e1515433868843-200x200.jpg 200w\" sizes=\"(max-width: 150px) 100vw, 150px\" \/><\/a><p id=\"caption-attachment-257\" class=\"wp-caption-text\">Loosing Hope<\/p><\/div>\n<div id=\"attachment_259\" style=\"width: 160px\" class=\"wp-caption alignleft\"><a href=\"https:\/\/kunst-im-bauwagen.com\/wp-content\/uploads\/2018\/01\/20170716_195140-e1515433745944.jpg\"><img aria-describedby=\"caption-attachment-259\" loading=\"lazy\" class=\"wp-image-259 size-thumbnail\" src=\"https:\/\/kunst-im-bauwagen.com\/wp-content\/uploads\/2018\/01\/20170716_195140-e1515433745944-150x150.jpg\" alt=\"\" width=\"150\" height=\"150\" srcset=\"https:\/\/kunst-im-bauwagen.com\/wp-content\/uploads\/2018\/01\/20170716_195140-e1515433745944-150x150.jpg 150w, https:\/\/kunst-im-bauwagen.com\/wp-content\/uploads\/2018\/01\/20170716_195140-e1515433745944-200x200.jpg 200w\" sizes=\"(max-width: 150px) 100vw, 150px\" \/><\/a><p id=\"caption-attachment-259\" class=\"wp-caption-text\">Die kleine B\u00e4renfrau schaut in den Himmel<\/p><\/div>\n<p>&nbsp;<\/p>\n<p>&nbsp;<\/p>\n","protected":false},"excerpt":{"rendered":"<p>Ich arbeite gerne Fig\u00fcrlich, wobei mir der weibliche K\u00f6rper einfach n\u00e4her und vertrauter ist als der m\u00e4nnliche.\u00a0 Dabei spielen oft\u00a0 mythologische Bez\u00fcge, teilweise aktuelle gesellschaftliche oder auch einfach \u00e4sthetische Aspekte eine Rolle. Der Torso &#8222;Zwischen den Welten&#8220; ist zum Beispiel ein junger Mann mit weiblichen Attributen der weder zeitlich noch kulturell zu einer eindeutig definierten <a class=\"more-link\" href=\"https:\/\/kunst-im-bauwagen.com\/?page_id=241\">Weiterlesen&#8230;<\/a><\/p>\n","protected":false},"author":1,"featured_media":178,"parent":0,"menu_order":0,"comment_status":"closed","ping_status":"closed","template":"","meta":[],"_links":{"self":[{"href":"https:\/\/kunst-im-bauwagen.com\/index.php?rest_route=\/wp\/v2\/pages\/241"}],"collection":[{"href":"https:\/\/kunst-im-bauwagen.com\/index.php?rest_route=\/wp\/v2\/pages"}],"about":[{"href":"https:\/\/kunst-im-bauwagen.com\/index.php?rest_route=\/wp\/v2\/types\/page"}],"author":[{"embeddable":true,"href":"https:\/\/kunst-im-bauwagen.com\/index.php?rest_route=\/wp\/v2\/users\/1"}],"replies":[{"embeddable":true,"href":"https:\/\/kunst-im-bauwagen.com\/index.php?rest_route=%2Fwp%2Fv2%2Fcomments&post=241"}],"version-history":[{"count":13,"href":"https:\/\/kunst-im-bauwagen.com\/index.php?rest_route=\/wp\/v2\/pages\/241\/revisions"}],"predecessor-version":[{"id":374,"href":"https:\/\/kunst-im-bauwagen.com\/index.php?rest_route=\/wp\/v2\/pages\/241\/revisions\/374"}],"wp:featuredmedia":[{"embeddable":true,"href":"https:\/\/kunst-im-bauwagen.com\/index.php?rest_route=\/wp\/v2\/media\/178"}],"wp:attachment":[{"href":"https:\/\/kunst-im-bauwagen.com\/index.php?rest_route=%2Fwp%2Fv2%2Fmedia&parent=241"}],"curies":[{"name":"wp","href":"https:\/\/api.w.org\/{rel}","templated":true}]}}