{"id":216,"date":"2018-01-08T11:07:15","date_gmt":"2018-01-08T11:07:15","guid":{"rendered":"http:\/\/kunst-im-bauwagen.com\/?page_id=216"},"modified":"2018-02-08T12:54:01","modified_gmt":"2018-02-08T12:54:01","slug":"drucktechnik","status":"publish","type":"page","link":"https:\/\/kunst-im-bauwagen.com\/?page_id=216","title":{"rendered":"Bedrucktes"},"content":{"rendered":"<p>Seitdem ich das erste Mal bedruckte Keramikobjekte von Martin M\u00f6hwald gesehen habe, faszinierte\u00a0 mich seine sogenannte Umdrucktechnik bei der Bilder und Schriften \u00fcber Papiervorlagen auf den Ton gedruckt werden. Mit dieser Technik habe ich selbst viel experimentiert, habe ihre Grenzen ausgelotet und weitere intensivierende Seminare besucht. Immer noch ist sie eine meiner Haupt-und Lieblingstechniken zum Gestalten und Dekorieren von Keramik. Besonders begeistert mich die M\u00f6glichkeit \u00fcber die Symbiose des gestalteten Objektes mit Bildern und Texten eine narrative Qualit\u00e4t entwickeln zu k\u00f6nnen.<\/p>\n\n\t\t<style type=\"text\/css\">\n\t\t\t#gallery-1 {\n\t\t\t\tmargin: auto;\n\t\t\t}\n\t\t\t#gallery-1 .gallery-item {\n\t\t\t\tfloat: left;\n\t\t\t\tmargin-top: 10px;\n\t\t\t\ttext-align: center;\n\t\t\t\twidth: 25%;\n\t\t\t}\n\t\t\t#gallery-1 img {\n\t\t\t\tborder: 2px solid #cfcfcf;\n\t\t\t}\n\t\t\t#gallery-1 .gallery-caption {\n\t\t\t\tmargin-left: 0;\n\t\t\t}\n\t\t\t\/* see gallery_shortcode() in wp-includes\/media.php *\/\n\t\t<\/style>\n\t\t<div id='gallery-1' class='gallery galleryid-216 gallery-columns-4 gallery-size-medium'><dl class='gallery-item'>\n\t\t\t<dt class='gallery-icon portrait'>\n\t\t\t\t<a href='https:\/\/kunst-im-bauwagen.com\/wp-content\/uploads\/2016\/06\/Quellwasser1.jpg'><img width=\"176\" height=\"300\" src=\"https:\/\/kunst-im-bauwagen.com\/wp-content\/uploads\/2016\/06\/Quellwasser1-176x300.jpg\" class=\"attachment-medium size-medium\" alt=\"\" loading=\"lazy\" srcset=\"https:\/\/kunst-im-bauwagen.com\/wp-content\/uploads\/2016\/06\/Quellwasser1-176x300.jpg 176w, https:\/\/kunst-im-bauwagen.com\/wp-content\/uploads\/2016\/06\/Quellwasser1-768x1310.jpg 768w, https:\/\/kunst-im-bauwagen.com\/wp-content\/uploads\/2016\/06\/Quellwasser1-600x1024.jpg 600w, https:\/\/kunst-im-bauwagen.com\/wp-content\/uploads\/2016\/06\/Quellwasser1.jpg 1575w\" sizes=\"(max-width: 176px) 100vw, 176px\" \/><\/a>\n\t\t\t<\/dt><\/dl><dl class='gallery-item'>\n\t\t\t<dt class='gallery-icon portrait'>\n\t\t\t\t<a href='https:\/\/kunst-im-bauwagen.com\/wp-content\/uploads\/2016\/06\/QuellWasser.jpg'><img width=\"181\" height=\"300\" src=\"https:\/\/kunst-im-bauwagen.com\/wp-content\/uploads\/2016\/06\/QuellWasser-181x300.jpg\" class=\"attachment-medium size-medium\" alt=\"\" loading=\"lazy\" srcset=\"https:\/\/kunst-im-bauwagen.com\/wp-content\/uploads\/2016\/06\/QuellWasser-181x300.jpg 181w, https:\/\/kunst-im-bauwagen.com\/wp-content\/uploads\/2016\/06\/QuellWasser-768x1271.jpg 768w, https:\/\/kunst-im-bauwagen.com\/wp-content\/uploads\/2016\/06\/QuellWasser-619x1024.jpg 619w, https:\/\/kunst-im-bauwagen.com\/wp-content\/uploads\/2016\/06\/QuellWasser.jpg 1482w\" sizes=\"(max-width: 181px) 100vw, 181px\" \/><\/a>\n\t\t\t<\/dt><\/dl><dl class='gallery-item'>\n\t\t\t<dt class='gallery-icon portrait'>\n\t\t\t\t<a href='https:\/\/kunst-im-bauwagen.com\/wp-content\/uploads\/2016\/06\/Quellwasserhinten.jpg'><img width=\"184\" height=\"300\" src=\"https:\/\/kunst-im-bauwagen.com\/wp-content\/uploads\/2016\/06\/Quellwasserhinten-184x300.jpg\" class=\"attachment-medium size-medium\" alt=\"\" loading=\"lazy\" srcset=\"https:\/\/kunst-im-bauwagen.com\/wp-content\/uploads\/2016\/06\/Quellwasserhinten-184x300.jpg 184w, https:\/\/kunst-im-bauwagen.com\/wp-content\/uploads\/2016\/06\/Quellwasserhinten-768x1251.jpg 768w, https:\/\/kunst-im-bauwagen.com\/wp-content\/uploads\/2016\/06\/Quellwasserhinten-629x1024.jpg 629w, https:\/\/kunst-im-bauwagen.com\/wp-content\/uploads\/2016\/06\/Quellwasserhinten.jpg 1888w\" sizes=\"(max-width: 184px) 100vw, 184px\" \/><\/a>\n\t\t\t<\/dt><\/dl><dl class='gallery-item'>\n\t\t\t<dt class='gallery-icon portrait'>\n\t\t\t\t<a href='https:\/\/kunst-im-bauwagen.com\/wp-content\/uploads\/2016\/06\/TascheHeimat.jpg'><img width=\"260\" height=\"300\" src=\"https:\/\/kunst-im-bauwagen.com\/wp-content\/uploads\/2016\/06\/TascheHeimat-260x300.jpg\" class=\"attachment-medium size-medium\" alt=\"\" loading=\"lazy\" srcset=\"https:\/\/kunst-im-bauwagen.com\/wp-content\/uploads\/2016\/06\/TascheHeimat-260x300.jpg 260w, https:\/\/kunst-im-bauwagen.com\/wp-content\/uploads\/2016\/06\/TascheHeimat-768x888.jpg 768w, https:\/\/kunst-im-bauwagen.com\/wp-content\/uploads\/2016\/06\/TascheHeimat-886x1024.jpg 886w\" sizes=\"(max-width: 260px) 100vw, 260px\" \/><\/a>\n\t\t\t<\/dt><\/dl><br style=\"clear: both\" \/><dl class='gallery-item'>\n\t\t\t<dt class='gallery-icon portrait'>\n\t\t\t\t<a href='https:\/\/kunst-im-bauwagen.com\/wp-content\/uploads\/2016\/06\/Tascheseite.jpg'><img width=\"152\" height=\"300\" src=\"https:\/\/kunst-im-bauwagen.com\/wp-content\/uploads\/2016\/06\/Tascheseite-152x300.jpg\" class=\"attachment-medium size-medium\" alt=\"\" loading=\"lazy\" srcset=\"https:\/\/kunst-im-bauwagen.com\/wp-content\/uploads\/2016\/06\/Tascheseite-152x300.jpg 152w, https:\/\/kunst-im-bauwagen.com\/wp-content\/uploads\/2016\/06\/Tascheseite-768x1515.jpg 768w, https:\/\/kunst-im-bauwagen.com\/wp-content\/uploads\/2016\/06\/Tascheseite-519x1024.jpg 519w, https:\/\/kunst-im-bauwagen.com\/wp-content\/uploads\/2016\/06\/Tascheseite.jpg 1689w\" sizes=\"(max-width: 152px) 100vw, 152px\" \/><\/a>\n\t\t\t<\/dt><\/dl><dl class='gallery-item'>\n\t\t\t<dt class='gallery-icon portrait'>\n\t\t\t\t<a href='https:\/\/kunst-im-bauwagen.com\/wp-content\/uploads\/2016\/06\/Japanerinrosawei\u00df.jpg'><img width=\"214\" height=\"300\" src=\"https:\/\/kunst-im-bauwagen.com\/wp-content\/uploads\/2016\/06\/Japanerinrosawei\u00df-214x300.jpg\" class=\"attachment-medium size-medium\" alt=\"\" loading=\"lazy\" srcset=\"https:\/\/kunst-im-bauwagen.com\/wp-content\/uploads\/2016\/06\/Japanerinrosawei\u00df-214x300.jpg 214w, https:\/\/kunst-im-bauwagen.com\/wp-content\/uploads\/2016\/06\/Japanerinrosawei\u00df-768x1077.jpg 768w, https:\/\/kunst-im-bauwagen.com\/wp-content\/uploads\/2016\/06\/Japanerinrosawei\u00df-730x1024.jpg 730w, https:\/\/kunst-im-bauwagen.com\/wp-content\/uploads\/2016\/06\/Japanerinrosawei\u00df.jpg 1802w\" sizes=\"(max-width: 214px) 100vw, 214px\" \/><\/a>\n\t\t\t<\/dt><\/dl><dl class='gallery-item'>\n\t\t\t<dt class='gallery-icon portrait'>\n\t\t\t\t<a href='https:\/\/kunst-im-bauwagen.com\/wp-content\/uploads\/2016\/06\/Frauen.jpg'><img width=\"160\" height=\"300\" src=\"https:\/\/kunst-im-bauwagen.com\/wp-content\/uploads\/2016\/06\/Frauen-160x300.jpg\" class=\"attachment-medium size-medium\" alt=\"\" loading=\"lazy\" srcset=\"https:\/\/kunst-im-bauwagen.com\/wp-content\/uploads\/2016\/06\/Frauen-160x300.jpg 160w, https:\/\/kunst-im-bauwagen.com\/wp-content\/uploads\/2016\/06\/Frauen-768x1438.jpg 768w, https:\/\/kunst-im-bauwagen.com\/wp-content\/uploads\/2016\/06\/Frauen-547x1024.jpg 547w, https:\/\/kunst-im-bauwagen.com\/wp-content\/uploads\/2016\/06\/Frauen.jpg 1813w\" sizes=\"(max-width: 160px) 100vw, 160px\" \/><\/a>\n\t\t\t<\/dt><\/dl><dl class='gallery-item'>\n\t\t\t<dt class='gallery-icon portrait'>\n\t\t\t\t<a href='https:\/\/kunst-im-bauwagen.com\/wp-content\/uploads\/2018\/01\/Denn-siewissen-nicht2.jpg'><img width=\"191\" height=\"300\" src=\"https:\/\/kunst-im-bauwagen.com\/wp-content\/uploads\/2018\/01\/Denn-siewissen-nicht2-191x300.jpg\" class=\"attachment-medium size-medium\" alt=\"\" loading=\"lazy\" srcset=\"https:\/\/kunst-im-bauwagen.com\/wp-content\/uploads\/2018\/01\/Denn-siewissen-nicht2-191x300.jpg 191w, https:\/\/kunst-im-bauwagen.com\/wp-content\/uploads\/2018\/01\/Denn-siewissen-nicht2-768x1204.jpg 768w, https:\/\/kunst-im-bauwagen.com\/wp-content\/uploads\/2018\/01\/Denn-siewissen-nicht2-653x1024.jpg 653w, https:\/\/kunst-im-bauwagen.com\/wp-content\/uploads\/2018\/01\/Denn-siewissen-nicht2.jpg 1828w\" sizes=\"(max-width: 191px) 100vw, 191px\" \/><\/a>\n\t\t\t<\/dt><\/dl><br style=\"clear: both\" \/>\n\t\t<\/div>\n\n<p>2015 habe ich eine ganze Serie bedruckter Teller gestaltet mit unterschiedlichen schwarzhumorigen, ber\u00fchrenden oder vieldeutigen Anspielungen.<\/p>\n\n\t\t<style type=\"text\/css\">\n\t\t\t#gallery-2 {\n\t\t\t\tmargin: auto;\n\t\t\t}\n\t\t\t#gallery-2 .gallery-item {\n\t\t\t\tfloat: left;\n\t\t\t\tmargin-top: 10px;\n\t\t\t\ttext-align: center;\n\t\t\t\twidth: 25%;\n\t\t\t}\n\t\t\t#gallery-2 img {\n\t\t\t\tborder: 2px solid #cfcfcf;\n\t\t\t}\n\t\t\t#gallery-2 .gallery-caption {\n\t\t\t\tmargin-left: 0;\n\t\t\t}\n\t\t\t\/* see gallery_shortcode() in wp-includes\/media.php *\/\n\t\t<\/style>\n\t\t<div id='gallery-2' class='gallery galleryid-216 gallery-columns-4 gallery-size-medium'><dl class='gallery-item'>\n\t\t\t<dt class='gallery-icon landscape'>\n\t\t\t\t<a href='https:\/\/kunst-im-bauwagen.com\/?attachment_id=130'><img width=\"300\" height=\"277\" src=\"https:\/\/kunst-im-bauwagen.com\/wp-content\/uploads\/2016\/06\/WanderersNachtlied-300x277.jpg\" class=\"attachment-medium size-medium\" alt=\"\" loading=\"lazy\" srcset=\"https:\/\/kunst-im-bauwagen.com\/wp-content\/uploads\/2016\/06\/WanderersNachtlied-300x277.jpg 300w, https:\/\/kunst-im-bauwagen.com\/wp-content\/uploads\/2016\/06\/WanderersNachtlied-768x710.jpg 768w, https:\/\/kunst-im-bauwagen.com\/wp-content\/uploads\/2016\/06\/WanderersNachtlied-1024x947.jpg 1024w, https:\/\/kunst-im-bauwagen.com\/wp-content\/uploads\/2016\/06\/WanderersNachtlied-e1466254531408.jpg 320w\" sizes=\"(max-width: 300px) 100vw, 300px\" \/><\/a>\n\t\t\t<\/dt><\/dl><dl class='gallery-item'>\n\t\t\t<dt class='gallery-icon landscape'>\n\t\t\t\t<a href='https:\/\/kunst-im-bauwagen.com\/?attachment_id=128'><img width=\"300\" height=\"296\" src=\"https:\/\/kunst-im-bauwagen.com\/wp-content\/uploads\/2016\/06\/Sehnsuchtngr\u00fcn-300x296.jpg\" class=\"attachment-medium size-medium\" alt=\"\" loading=\"lazy\" srcset=\"https:\/\/kunst-im-bauwagen.com\/wp-content\/uploads\/2016\/06\/Sehnsuchtngr\u00fcn-300x296.jpg 300w, https:\/\/kunst-im-bauwagen.com\/wp-content\/uploads\/2016\/06\/Sehnsuchtngr\u00fcn-768x758.jpg 768w, https:\/\/kunst-im-bauwagen.com\/wp-content\/uploads\/2016\/06\/Sehnsuchtngr\u00fcn-1024x1011.jpg 1024w\" sizes=\"(max-width: 300px) 100vw, 300px\" \/><\/a>\n\t\t\t<\/dt><\/dl><dl class='gallery-item'>\n\t\t\t<dt class='gallery-icon landscape'>\n\t\t\t\t<a href='https:\/\/kunst-im-bauwagen.com\/?attachment_id=126'><img width=\"300\" height=\"298\" src=\"https:\/\/kunst-im-bauwagen.com\/wp-content\/uploads\/2016\/06\/Deja-Vu-300x298.jpg\" class=\"attachment-medium size-medium\" alt=\"\" loading=\"lazy\" srcset=\"https:\/\/kunst-im-bauwagen.com\/wp-content\/uploads\/2016\/06\/Deja-Vu-300x298.jpg 300w, https:\/\/kunst-im-bauwagen.com\/wp-content\/uploads\/2016\/06\/Deja-Vu-150x150.jpg 150w, https:\/\/kunst-im-bauwagen.com\/wp-content\/uploads\/2016\/06\/Deja-Vu-768x762.jpg 768w, https:\/\/kunst-im-bauwagen.com\/wp-content\/uploads\/2016\/06\/Deja-Vu-1024x1016.jpg 1024w, https:\/\/kunst-im-bauwagen.com\/wp-content\/uploads\/2016\/06\/Deja-Vu-e1466254335444.jpg 298w\" sizes=\"(max-width: 300px) 100vw, 300px\" \/><\/a>\n\t\t\t<\/dt><\/dl><dl class='gallery-item'>\n\t\t\t<dt class='gallery-icon landscape'>\n\t\t\t\t<a href='https:\/\/kunst-im-bauwagen.com\/?attachment_id=125'><img width=\"300\" height=\"296\" src=\"https:\/\/kunst-im-bauwagen.com\/wp-content\/uploads\/2016\/06\/Leichtigkeit-300x296.jpg\" class=\"attachment-medium size-medium\" alt=\"\" loading=\"lazy\" srcset=\"https:\/\/kunst-im-bauwagen.com\/wp-content\/uploads\/2016\/06\/Leichtigkeit-300x296.jpg 300w, https:\/\/kunst-im-bauwagen.com\/wp-content\/uploads\/2016\/06\/Leichtigkeit-768x757.jpg 768w, https:\/\/kunst-im-bauwagen.com\/wp-content\/uploads\/2016\/06\/Leichtigkeit-1024x1010.jpg 1024w\" sizes=\"(max-width: 300px) 100vw, 300px\" \/><\/a>\n\t\t\t<\/dt><\/dl><br style=\"clear: both\" \/>\n\t\t<\/div>\n\n<p>Fr\u00fchjahr 2016 bin ich auf die Idee gekommen Tischplatten zu bedrucken. Das ideale Beistelltischen habe ich bei Ikea gefunden.<br \/>\nEr hei\u00dft Gunnern und ist aus anthrazitfarbenen Metall.<\/p>\n<p><a href=\"https:\/\/kunst-im-bauwagen.com\/wp-content\/uploads\/2018\/01\/DSC_5792.jpg\"><img loading=\"lazy\" class=\"alignnone wp-image-222 size-thumbnail\" src=\"https:\/\/kunst-im-bauwagen.com\/wp-content\/uploads\/2018\/01\/DSC_5792-e1515748179306-150x150.jpg\" alt=\"\" width=\"150\" height=\"150\" srcset=\"https:\/\/kunst-im-bauwagen.com\/wp-content\/uploads\/2018\/01\/DSC_5792-e1515748179306-150x150.jpg 150w, https:\/\/kunst-im-bauwagen.com\/wp-content\/uploads\/2018\/01\/DSC_5792-e1515748179306-200x200.jpg 200w\" sizes=\"(max-width: 150px) 100vw, 150px\" \/><\/a> <a href=\"https:\/\/kunst-im-bauwagen.com\/wp-content\/uploads\/2016\/06\/Aufbl\u00fchen9.jpg\"><img loading=\"lazy\" class=\"alignnone wp-image-123 size-thumbnail\" src=\"https:\/\/kunst-im-bauwagen.com\/wp-content\/uploads\/2016\/06\/Aufbl\u00fchen9-e1515748225346-150x150.jpg\" alt=\"\" width=\"150\" height=\"150\" srcset=\"https:\/\/kunst-im-bauwagen.com\/wp-content\/uploads\/2016\/06\/Aufbl\u00fchen9-e1515748225346-150x150.jpg 150w, https:\/\/kunst-im-bauwagen.com\/wp-content\/uploads\/2016\/06\/Aufbl\u00fchen9-e1515748225346-200x200.jpg 200w\" sizes=\"(max-width: 150px) 100vw, 150px\" \/><\/a> <a href=\"https:\/\/kunst-im-bauwagen.com\/wp-content\/uploads\/2018\/01\/Fr\u00fchling.jpg\"><img loading=\"lazy\" class=\"alignnone wp-image-294 size-thumbnail\" src=\"https:\/\/kunst-im-bauwagen.com\/wp-content\/uploads\/2018\/01\/Fr\u00fchling-150x150.jpg\" alt=\"\" width=\"150\" height=\"150\" srcset=\"https:\/\/kunst-im-bauwagen.com\/wp-content\/uploads\/2018\/01\/Fr\u00fchling-150x150.jpg 150w, https:\/\/kunst-im-bauwagen.com\/wp-content\/uploads\/2018\/01\/Fr\u00fchling-300x298.jpg 300w, https:\/\/kunst-im-bauwagen.com\/wp-content\/uploads\/2018\/01\/Fr\u00fchling-768x762.jpg 768w, https:\/\/kunst-im-bauwagen.com\/wp-content\/uploads\/2018\/01\/Fr\u00fchling-1024x1016.jpg 1024w, https:\/\/kunst-im-bauwagen.com\/wp-content\/uploads\/2018\/01\/Fr\u00fchling-200x200.jpg 200w, https:\/\/kunst-im-bauwagen.com\/wp-content\/uploads\/2018\/01\/Fr\u00fchling.jpg 1494w\" sizes=\"(max-width: 150px) 100vw, 150px\" \/><\/a>\u00a0\u00a0<a href=\"https:\/\/kunst-im-bauwagen.com\/wp-content\/uploads\/2018\/01\/20160114_142002.jpg\"><img loading=\"lazy\" class=\"alignnone wp-image-255 size-thumbnail\" src=\"https:\/\/kunst-im-bauwagen.com\/wp-content\/uploads\/2018\/01\/20160114_142002-e1515748116103-150x150.jpg\" alt=\"\" width=\"150\" height=\"150\" srcset=\"https:\/\/kunst-im-bauwagen.com\/wp-content\/uploads\/2018\/01\/20160114_142002-e1515748116103-150x150.jpg 150w, https:\/\/kunst-im-bauwagen.com\/wp-content\/uploads\/2018\/01\/20160114_142002-e1515748116103-200x200.jpg 200w\" sizes=\"(max-width: 150px) 100vw, 150px\" \/><\/a><\/p>\n<p>2017 bin ich auf die wundersch\u00f6nen Design-Rahmen des Luna-Projektes aus S\u00fcdafrika gesto\u00dfen, die im Rahmen eines sozialen Besch\u00e4ftigungsprojektes f\u00fcr Arbeits- und Obdachlose in Cape Town alte Fenster und T\u00fcren sammeln und zu rustikalen Bilderrahmen verarbeiten.<br \/>\nIch war so begeistert, dass ich daf\u00fcr sofort entsprechende Bilder auf Keramikplatten anfertigte.<\/p>\n\n\t\t<style type=\"text\/css\">\n\t\t\t#gallery-3 {\n\t\t\t\tmargin: auto;\n\t\t\t}\n\t\t\t#gallery-3 .gallery-item {\n\t\t\t\tfloat: left;\n\t\t\t\tmargin-top: 10px;\n\t\t\t\ttext-align: center;\n\t\t\t\twidth: 33%;\n\t\t\t}\n\t\t\t#gallery-3 img {\n\t\t\t\tborder: 2px solid #cfcfcf;\n\t\t\t}\n\t\t\t#gallery-3 .gallery-caption {\n\t\t\t\tmargin-left: 0;\n\t\t\t}\n\t\t\t\/* see gallery_shortcode() in wp-includes\/media.php *\/\n\t\t<\/style>\n\t\t<div id='gallery-3' class='gallery galleryid-216 gallery-columns-3 gallery-size-large'><dl class='gallery-item'>\n\t\t\t<dt class='gallery-icon portrait'>\n\t\t\t\t<a href='https:\/\/kunst-im-bauwagen.com\/?attachment_id=223#main'><img width=\"656\" height=\"1024\" src=\"https:\/\/kunst-im-bauwagen.com\/wp-content\/uploads\/2018\/01\/SchwereZeiten-656x1024.jpg\" class=\"attachment-large size-large\" alt=\"\" loading=\"lazy\" aria-describedby=\"gallery-3-223\" srcset=\"https:\/\/kunst-im-bauwagen.com\/wp-content\/uploads\/2018\/01\/SchwereZeiten-656x1024.jpg 656w, https:\/\/kunst-im-bauwagen.com\/wp-content\/uploads\/2018\/01\/SchwereZeiten-192x300.jpg 192w, https:\/\/kunst-im-bauwagen.com\/wp-content\/uploads\/2018\/01\/SchwereZeiten-768x1198.jpg 768w, https:\/\/kunst-im-bauwagen.com\/wp-content\/uploads\/2018\/01\/SchwereZeiten.jpg 1957w\" sizes=\"(max-width: 656px) 100vw, 656px\" \/><\/a>\n\t\t\t<\/dt>\n\t\t\t\t<dd class='wp-caption-text gallery-caption' id='gallery-3-223'>\n\t\t\t\t&#8222;Hard rain&#8220;\n\t\t\t\t<\/dd><\/dl><dl class='gallery-item'>\n\t\t\t<dt class='gallery-icon landscape'>\n\t\t\t\t<a href='https:\/\/kunst-im-bauwagen.com\/?attachment_id=220#main'><img width=\"780\" height=\"640\" src=\"https:\/\/kunst-im-bauwagen.com\/wp-content\/uploads\/2018\/01\/Boys-1024x840.jpg\" class=\"attachment-large size-large\" alt=\"\" loading=\"lazy\" aria-describedby=\"gallery-3-220\" srcset=\"https:\/\/kunst-im-bauwagen.com\/wp-content\/uploads\/2018\/01\/Boys-1024x840.jpg 1024w, https:\/\/kunst-im-bauwagen.com\/wp-content\/uploads\/2018\/01\/Boys-300x246.jpg 300w, https:\/\/kunst-im-bauwagen.com\/wp-content\/uploads\/2018\/01\/Boys-768x630.jpg 768w, https:\/\/kunst-im-bauwagen.com\/wp-content\/uploads\/2018\/01\/Boys.jpg 1866w\" sizes=\"(max-width: 780px) 100vw, 780px\" \/><\/a>\n\t\t\t<\/dt>\n\t\t\t\t<dd class='wp-caption-text gallery-caption' id='gallery-3-220'>\n\t\t\t\tBoys\n\t\t\t\t<\/dd><\/dl><dl class='gallery-item'>\n\t\t\t<dt class='gallery-icon portrait'>\n\t\t\t\t<a href='https:\/\/kunst-im-bauwagen.com\/?attachment_id=300#main'><img width=\"780\" height=\"967\" src=\"https:\/\/kunst-im-bauwagen.com\/wp-content\/uploads\/2018\/01\/Lemurinsel-826x1024.jpg\" class=\"attachment-large size-large\" alt=\"\" loading=\"lazy\" aria-describedby=\"gallery-3-300\" srcset=\"https:\/\/kunst-im-bauwagen.com\/wp-content\/uploads\/2018\/01\/Lemurinsel-826x1024.jpg 826w, https:\/\/kunst-im-bauwagen.com\/wp-content\/uploads\/2018\/01\/Lemurinsel-242x300.jpg 242w, https:\/\/kunst-im-bauwagen.com\/wp-content\/uploads\/2018\/01\/Lemurinsel-768x952.jpg 768w, https:\/\/kunst-im-bauwagen.com\/wp-content\/uploads\/2018\/01\/Lemurinsel.jpg 1259w\" sizes=\"(max-width: 780px) 100vw, 780px\" \/><\/a>\n\t\t\t<\/dt>\n\t\t\t\t<dd class='wp-caption-text gallery-caption' id='gallery-3-300'>\n\t\t\t\tLemur\n\t\t\t\t<\/dd><\/dl><br style=\"clear: both\" \/><dl class='gallery-item'>\n\t\t\t<dt class='gallery-icon portrait'>\n\t\t\t\t<a href='https:\/\/kunst-im-bauwagen.com\/?attachment_id=301#main'><img width=\"780\" height=\"960\" src=\"https:\/\/kunst-im-bauwagen.com\/wp-content\/uploads\/2018\/01\/MarieCurie-832x1024.jpg\" class=\"attachment-large size-large\" alt=\"\" loading=\"lazy\" aria-describedby=\"gallery-3-301\" srcset=\"https:\/\/kunst-im-bauwagen.com\/wp-content\/uploads\/2018\/01\/MarieCurie-832x1024.jpg 832w, https:\/\/kunst-im-bauwagen.com\/wp-content\/uploads\/2018\/01\/MarieCurie-244x300.jpg 244w, https:\/\/kunst-im-bauwagen.com\/wp-content\/uploads\/2018\/01\/MarieCurie-768x946.jpg 768w\" sizes=\"(max-width: 780px) 100vw, 780px\" \/><\/a>\n\t\t\t<\/dt>\n\t\t\t\t<dd class='wp-caption-text gallery-caption' id='gallery-3-301'>\n\t\t\t\tMarie-Marke\n\t\t\t\t<\/dd><\/dl><dl class='gallery-item'>\n\t\t\t<dt class='gallery-icon portrait'>\n\t\t\t\t<a href='https:\/\/kunst-im-bauwagen.com\/?attachment_id=295#main'><img width=\"579\" height=\"1024\" src=\"https:\/\/kunst-im-bauwagen.com\/wp-content\/uploads\/2018\/01\/verwurzelt-579x1024.jpg\" class=\"attachment-large size-large\" alt=\"\" loading=\"lazy\" aria-describedby=\"gallery-3-295\" srcset=\"https:\/\/kunst-im-bauwagen.com\/wp-content\/uploads\/2018\/01\/verwurzelt-579x1024.jpg 579w, https:\/\/kunst-im-bauwagen.com\/wp-content\/uploads\/2018\/01\/verwurzelt-170x300.jpg 170w, https:\/\/kunst-im-bauwagen.com\/wp-content\/uploads\/2018\/01\/verwurzelt-768x1359.jpg 768w, https:\/\/kunst-im-bauwagen.com\/wp-content\/uploads\/2018\/01\/verwurzelt.jpg 1142w\" sizes=\"(max-width: 579px) 100vw, 579px\" \/><\/a>\n\t\t\t<\/dt>\n\t\t\t\t<dd class='wp-caption-text gallery-caption' id='gallery-3-295'>\n\t\t\t\tVerwurzelt\n\t\t\t\t<\/dd><\/dl><dl class='gallery-item'>\n\t\t\t<dt class='gallery-icon landscape'>\n\t\t\t\t<a href='https:\/\/kunst-im-bauwagen.com\/?attachment_id=47'><img width=\"780\" height=\"604\" src=\"https:\/\/kunst-im-bauwagen.com\/wp-content\/uploads\/2016\/06\/primrose3-JPG-1024x793.jpg\" class=\"attachment-large size-large\" alt=\"\" loading=\"lazy\" aria-describedby=\"gallery-3-47\" srcset=\"https:\/\/kunst-im-bauwagen.com\/wp-content\/uploads\/2016\/06\/primrose3-JPG-1024x793.jpg 1024w, https:\/\/kunst-im-bauwagen.com\/wp-content\/uploads\/2016\/06\/primrose3-JPG-300x232.jpg 300w, https:\/\/kunst-im-bauwagen.com\/wp-content\/uploads\/2016\/06\/primrose3-JPG-768x595.jpg 768w\" sizes=\"(max-width: 780px) 100vw, 780px\" \/><\/a>\n\t\t\t<\/dt>\n\t\t\t\t<dd class='wp-caption-text gallery-caption' id='gallery-3-47'>\n\t\t\t\tPrimrose 3 \n\t\t\t\t<\/dd><\/dl><br style=\"clear: both\" \/>\n\t\t<\/div>\n\n","protected":false},"excerpt":{"rendered":"<p>Seitdem ich das erste Mal bedruckte Keramikobjekte von Martin M\u00f6hwald gesehen habe, faszinierte\u00a0 mich seine sogenannte Umdrucktechnik bei der Bilder und Schriften \u00fcber Papiervorlagen auf den Ton gedruckt werden. Mit dieser Technik habe ich selbst viel experimentiert, habe ihre Grenzen ausgelotet und weitere intensivierende Seminare besucht. Immer noch ist sie eine meiner Haupt-und Lieblingstechniken zum <a class=\"more-link\" href=\"https:\/\/kunst-im-bauwagen.com\/?page_id=216\">Weiterlesen&#8230;<\/a><\/p>\n","protected":false},"author":1,"featured_media":124,"parent":0,"menu_order":0,"comment_status":"closed","ping_status":"closed","template":"","meta":[],"_links":{"self":[{"href":"https:\/\/kunst-im-bauwagen.com\/index.php?rest_route=\/wp\/v2\/pages\/216"}],"collection":[{"href":"https:\/\/kunst-im-bauwagen.com\/index.php?rest_route=\/wp\/v2\/pages"}],"about":[{"href":"https:\/\/kunst-im-bauwagen.com\/index.php?rest_route=\/wp\/v2\/types\/page"}],"author":[{"embeddable":true,"href":"https:\/\/kunst-im-bauwagen.com\/index.php?rest_route=\/wp\/v2\/users\/1"}],"replies":[{"embeddable":true,"href":"https:\/\/kunst-im-bauwagen.com\/index.php?rest_route=%2Fwp%2Fv2%2Fcomments&post=216"}],"version-history":[{"count":10,"href":"https:\/\/kunst-im-bauwagen.com\/index.php?rest_route=\/wp\/v2\/pages\/216\/revisions"}],"predecessor-version":[{"id":358,"href":"https:\/\/kunst-im-bauwagen.com\/index.php?rest_route=\/wp\/v2\/pages\/216\/revisions\/358"}],"wp:featuredmedia":[{"embeddable":true,"href":"https:\/\/kunst-im-bauwagen.com\/index.php?rest_route=\/wp\/v2\/media\/124"}],"wp:attachment":[{"href":"https:\/\/kunst-im-bauwagen.com\/index.php?rest_route=%2Fwp%2Fv2%2Fmedia&parent=216"}],"curies":[{"name":"wp","href":"https:\/\/api.w.org\/{rel}","templated":true}]}}