{"id":187,"date":"2016-09-28T14:30:28","date_gmt":"2016-09-28T14:30:28","guid":{"rendered":"http:\/\/kunst-im-bauwagen.com\/?page_id=187"},"modified":"2018-02-11T12:33:43","modified_gmt":"2018-02-11T12:33:43","slug":"kursangebot","status":"publish","type":"page","link":"https:\/\/kunst-im-bauwagen.com\/?page_id=187","title":{"rendered":"Kursangebot"},"content":{"rendered":"<p>In meiner Werkstatt biete ich dieses Jahr verschiedenen Wochenendkurse an.<\/p>\n<p><strong> Bilder auf Keramik<\/strong><\/p>\n<p><em> f\u00fcr Anf\u00e4nger\/-innen und Fortgeschrittene<\/em><\/p>\n<p><a href=\"https:\/\/kunst-im-bauwagen.com\/wp-content\/uploads\/2018\/02\/IMG_3903.jpg\"><img loading=\"lazy\" class=\"alignnone wp-image-242\" src=\"https:\/\/keramikssm.files.wordpress.com\/2016\/09\/img_3903.jpg\" alt=\"img_3903\" width=\"1058\" height=\"793\" \/><\/a><\/p>\n<p>Dieser Samstagskurs bietet Ihnen die Gelegenheit \u00fcber Kopiervorlagen Texte und Bilder mit keramischen Farben auf Ton zu drucken. Die attraktive Technik des sogenannten Umdruckverfahrens er\u00f6ffnet insbesondere in Kombination mit farbigen Engoben neue unkonventionelle M\u00f6glichkeiten der bildhaften Oberfl\u00e4chengestaltung. Sie werden das Druckverfahren zuerst auf verschiedenen kleineren Platten ausprobieren und am Nachmittag einen Teller, eine Schale, ein Gef\u00e4\u00df\u00a0 nach ihren Vorstellungen aufbauen und ganz individuell gestalten. Ich stelle zahlreiche, unterschiedliche Druckvorlagen zur Verf\u00fcgung. Sie k\u00f6nnen nat\u00fcrlich auch eigene Vorlagen mitbringen, falls\u00a0 Sie dazu Fragen haben k\u00f6nnen Sie mich gerne kontaktieren.<\/p>\n<p><a href=\"https:\/\/kunst-im-bauwagen.com\/wp-content\/uploads\/2018\/02\/DSCF1617-2-1.jpg\"><img loading=\"lazy\" class=\"alignnone wp-image-329\" src=\"https:\/\/kunst-im-bauwagen.com\/wp-content\/uploads\/2018\/02\/DSCF1617-2-1-150x150.jpg\" alt=\"\" width=\"285\" height=\"285\" srcset=\"https:\/\/kunst-im-bauwagen.com\/wp-content\/uploads\/2018\/02\/DSCF1617-2-1-150x150.jpg 150w, https:\/\/kunst-im-bauwagen.com\/wp-content\/uploads\/2018\/02\/DSCF1617-2-1-200x200.jpg 200w\" sizes=\"(max-width: 285px) 100vw, 285px\" \/><\/a> <a href=\"https:\/\/kunst-im-bauwagen.com\/wp-content\/uploads\/2018\/02\/DSCF1572-2-1.jpg\"><img loading=\"lazy\" class=\"alignnone wp-image-328\" src=\"https:\/\/kunst-im-bauwagen.com\/wp-content\/uploads\/2018\/02\/DSCF1572-2-1-150x150.jpg\" alt=\"\" width=\"284\" height=\"284\" srcset=\"https:\/\/kunst-im-bauwagen.com\/wp-content\/uploads\/2018\/02\/DSCF1572-2-1-150x150.jpg 150w, https:\/\/kunst-im-bauwagen.com\/wp-content\/uploads\/2018\/02\/DSCF1572-2-1-200x200.jpg 200w\" sizes=\"(max-width: 284px) 100vw, 284px\" \/><\/a> <a href=\"https:\/\/kunst-im-bauwagen.com\/wp-content\/uploads\/2018\/02\/DSCF1556-2-1.jpg\"><img loading=\"lazy\" class=\"alignnone wp-image-327\" src=\"https:\/\/kunst-im-bauwagen.com\/wp-content\/uploads\/2018\/02\/DSCF1556-2-1-150x150.jpg\" alt=\"\" width=\"284\" height=\"284\" srcset=\"https:\/\/kunst-im-bauwagen.com\/wp-content\/uploads\/2018\/02\/DSCF1556-2-1-150x150.jpg 150w, https:\/\/kunst-im-bauwagen.com\/wp-content\/uploads\/2018\/02\/DSCF1556-2-1-200x200.jpg 200w\" sizes=\"(max-width: 284px) 100vw, 284px\" \/><\/a><\/p>\n<p>Der Kurs ist 1t\u00e4gig an verschiedenen Samstagen und geht von 10 &#8211; 17 Uhr, mit einer ca. 30 min\u00fctigen Pause. Die Teilnhmerzahl betr\u00e4gt max. 4 Personen.<\/p>\n<p>Kursentgelt mit Brand und Material ( 2,5 kg Ton sowie die verwendeten Vorlagen, Farben, Engoben sowie Glasieren mit Transparentglasur) betr\u00e4gt. 70,00 \u20ac.<\/p>\n<p>Termine:\u00a0 10.03.2018, 24.03.2018, 14.04.2018 ab 3 Personen<\/p>\n<hr \/>\n<p>&nbsp;<\/p>\n<p><strong>Gro\u00dfe Skulptur aus Ton<\/strong><\/p>\n<p><a href=\"https:\/\/kunst-im-bauwagen.com\/wp-content\/uploads\/2018\/02\/DSCF1678-2.jpg\"><img loading=\"lazy\" class=\"alignnone wp-image-331 size-large\" src=\"https:\/\/kunst-im-bauwagen.com\/wp-content\/uploads\/2018\/02\/DSCF1678-2-683x1024.jpg\" alt=\"\" width=\"683\" height=\"1024\" srcset=\"https:\/\/kunst-im-bauwagen.com\/wp-content\/uploads\/2018\/02\/DSCF1678-2-683x1024.jpg 683w, https:\/\/kunst-im-bauwagen.com\/wp-content\/uploads\/2018\/02\/DSCF1678-2-200x300.jpg 200w, https:\/\/kunst-im-bauwagen.com\/wp-content\/uploads\/2018\/02\/DSCF1678-2-768x1152.jpg 768w\" sizes=\"(max-width: 683px) 100vw, 683px\" \/><\/a><\/p>\n<p>Wer schon immer nach Gr\u00f6\u00dferem strebte, hat in diesem Kurs die Gelegenheit eine bis zu 3-teilige Skulptur aus Keramik herzustellen. Die Gr\u00f6\u00dfe der einzelnen Teile kann bis max. 60 cm betragen. Ganz nach Ihren Vorstellungen k\u00f6nnen gegenst\u00e4ndliche oder abstrakte Figuren, Stelen, ornamentierte Bauwerke, Tiergestalten etc. gestalten werden. Es kann entweder mit Paperclay oder mit Bildhauerton gearbeitet werden. Ich werde dies mit den Teilnehmern vorher absprechen.<br \/>\nMaterialkosten (30 \u2013 50 \u20ac) und Brennkosten (20 \u2013 60 \u20ac) sind abh\u00e4ngig von der Gr\u00f6\u00dfe des Objektes und werden extra abgerechnet.<\/p>\n<p><a href=\"https:\/\/kunst-im-bauwagen.com\/wp-content\/uploads\/2018\/02\/IMG_9273.jpg\"><img loading=\"lazy\" class=\"alignnone wp-image-381\" src=\"https:\/\/kunst-im-bauwagen.com\/wp-content\/uploads\/2018\/02\/IMG_9273-e1518351753226-225x300.jpg\" alt=\"\" width=\"263\" height=\"351\" \/><\/a> <a href=\"https:\/\/kunst-im-bauwagen.com\/wp-content\/uploads\/2018\/02\/IMG_9270.jpg\"><img loading=\"lazy\" class=\"alignnone wp-image-380 \" src=\"https:\/\/kunst-im-bauwagen.com\/wp-content\/uploads\/2018\/02\/IMG_9270-e1518351773959-225x300.jpg\" alt=\"\" width=\"263\" height=\"351\" srcset=\"https:\/\/kunst-im-bauwagen.com\/wp-content\/uploads\/2018\/02\/IMG_9270-e1518351773959-225x300.jpg 225w, https:\/\/kunst-im-bauwagen.com\/wp-content\/uploads\/2018\/02\/IMG_9270-e1518351773959.jpg 240w\" sizes=\"(max-width: 263px) 100vw, 263px\" \/><\/a> <a href=\"https:\/\/kunst-im-bauwagen.com\/wp-content\/uploads\/2018\/02\/IMG_9269.jpg\"><img loading=\"lazy\" class=\"alignnone wp-image-379 \" src=\"https:\/\/kunst-im-bauwagen.com\/wp-content\/uploads\/2018\/02\/IMG_9269-e1518351797741-225x300.jpg\" alt=\"\" width=\"261\" height=\"348\" srcset=\"https:\/\/kunst-im-bauwagen.com\/wp-content\/uploads\/2018\/02\/IMG_9269-e1518351797741-225x300.jpg 225w, https:\/\/kunst-im-bauwagen.com\/wp-content\/uploads\/2018\/02\/IMG_9269-e1518351797741.jpg 240w\" sizes=\"(max-width: 261px) 100vw, 261px\" \/><\/a><\/p>\n<p>Der Kurs findet an 4 aufeinanderfolgenden Samstagen statt: 06.10.2018, 13.10.2018, 20.10.2017 und 27.10.2018. Die Teilnahmerzahl betr\u00e4gt max. 4 Personen.<br \/>\nSamstag, w\u00f6chentlich, 10:00 &#8211; 17:00 Uhr<br \/>\nKursentgelt: 150,00 \u20ac<\/p>\n<p>&nbsp;<\/p>\n<p><strong>Offene Werkstatt am Wochenende<\/strong><\/p>\n<p>F\u00fcr alle die unter der Woche wenig Zeit haben, aber ab und zu einfach gerne ganz frei mit Ton arbeiten m\u00f6chten, biete ich an bestimmten Samstagen auch die M\u00f6glichkeit eines offenen Werkstatt-Tages an, an dem man auch mal, wenn man m\u00f6chte etwas l\u00e4nger am St\u00fcck arbeiten kann.<\/p>\n<p>Termine erstes Halbjahr: Samstag\u00a0 21.04..2018, 1.06. 2018 ab zwei Personen.<\/p>\n","protected":false},"excerpt":{"rendered":"<p>In meiner Werkstatt biete ich dieses Jahr verschiedenen Wochenendkurse an. Bilder auf Keramik f\u00fcr Anf\u00e4nger\/-innen und Fortgeschrittene Dieser Samstagskurs bietet Ihnen die Gelegenheit \u00fcber Kopiervorlagen Texte und Bilder mit keramischen Farben auf Ton zu drucken. Die attraktive Technik des sogenannten Umdruckverfahrens er\u00f6ffnet insbesondere in Kombination mit farbigen Engoben neue unkonventionelle M\u00f6glichkeiten der bildhaften Oberfl\u00e4chengestaltung. Sie <a class=\"more-link\" href=\"https:\/\/kunst-im-bauwagen.com\/?page_id=187\">Weiterlesen&#8230;<\/a><\/p>\n","protected":false},"author":1,"featured_media":0,"parent":0,"menu_order":0,"comment_status":"closed","ping_status":"closed","template":"","meta":[],"_links":{"self":[{"href":"https:\/\/kunst-im-bauwagen.com\/index.php?rest_route=\/wp\/v2\/pages\/187"}],"collection":[{"href":"https:\/\/kunst-im-bauwagen.com\/index.php?rest_route=\/wp\/v2\/pages"}],"about":[{"href":"https:\/\/kunst-im-bauwagen.com\/index.php?rest_route=\/wp\/v2\/types\/page"}],"author":[{"embeddable":true,"href":"https:\/\/kunst-im-bauwagen.com\/index.php?rest_route=\/wp\/v2\/users\/1"}],"replies":[{"embeddable":true,"href":"https:\/\/kunst-im-bauwagen.com\/index.php?rest_route=%2Fwp%2Fv2%2Fcomments&post=187"}],"version-history":[{"count":17,"href":"https:\/\/kunst-im-bauwagen.com\/index.php?rest_route=\/wp\/v2\/pages\/187\/revisions"}],"predecessor-version":[{"id":384,"href":"https:\/\/kunst-im-bauwagen.com\/index.php?rest_route=\/wp\/v2\/pages\/187\/revisions\/384"}],"wp:attachment":[{"href":"https:\/\/kunst-im-bauwagen.com\/index.php?rest_route=%2Fwp%2Fv2%2Fmedia&parent=187"}],"curies":[{"name":"wp","href":"https:\/\/api.w.org\/{rel}","templated":true}]}}