{"id":184,"date":"2018-01-10T13:09:48","date_gmt":"2018-01-10T13:09:48","guid":{"rendered":"http:\/\/kunst-im-bauwagen.com\/?page_id=184"},"modified":"2018-02-08T13:17:13","modified_gmt":"2018-02-08T13:17:13","slug":"sonstiges","status":"publish","type":"page","link":"https:\/\/kunst-im-bauwagen.com\/?page_id=184","title":{"rendered":"Sonstiges"},"content":{"rendered":"<p>Nat\u00fcrlich mache ich auch immer wieder Gef\u00e4\u00dfe f\u00fcr den Gebrauch. Aber ich drehe nicht sondern baue auf. Es macht mir viel Spa\u00df neben den Figuren und Druckobjekten auch einfach in dem riesigen Gestaltungraum des Gef\u00e4\u00dfes zu experimentiern um f\u00fcr mich neue Formen und Stile zu erforschen.<\/p>\n<p><a href=\"https:\/\/kunst-im-bauwagen.com\/wp-content\/uploads\/2018\/01\/IMG_4965-e1515589389548.jpg\"><img loading=\"lazy\" class=\"alignnone wp-image-298\" src=\"https:\/\/kunst-im-bauwagen.com\/wp-content\/uploads\/2018\/01\/IMG_4965-e1515589389548-225x300.jpg\" alt=\"\" width=\"323\" height=\"431\" srcset=\"https:\/\/kunst-im-bauwagen.com\/wp-content\/uploads\/2018\/01\/IMG_4965-e1515589389548-225x300.jpg 225w, https:\/\/kunst-im-bauwagen.com\/wp-content\/uploads\/2018\/01\/IMG_4965-e1515589389548-768x1024.jpg 768w\" sizes=\"(max-width: 323px) 100vw, 323px\" \/><\/a><a href=\"https:\/\/kunst-im-bauwagen.com\/wp-content\/uploads\/2018\/01\/SSM_Keramik_2015_-250.jpg\">\u00a0\u00a0 <img loading=\"lazy\" class=\" wp-image-304\" src=\"https:\/\/kunst-im-bauwagen.com\/wp-content\/uploads\/2018\/01\/SSM_Keramik_2015_-250-300x200.jpg\" alt=\"\" width=\"380\" height=\"253\" srcset=\"https:\/\/kunst-im-bauwagen.com\/wp-content\/uploads\/2018\/01\/SSM_Keramik_2015_-250-300x200.jpg 300w, https:\/\/kunst-im-bauwagen.com\/wp-content\/uploads\/2018\/01\/SSM_Keramik_2015_-250-768x512.jpg 768w, https:\/\/kunst-im-bauwagen.com\/wp-content\/uploads\/2018\/01\/SSM_Keramik_2015_-250-1024x683.jpg 1024w\" sizes=\"(max-width: 380px) 100vw, 380px\" \/><\/a><\/p>\n<div class=\"mceTemp\"><\/div>\n<p>&nbsp;<\/p>\n<p><a href=\"https:\/\/kunst-im-bauwagen.com\/wp-content\/uploads\/2018\/01\/SSM_Keramik_2015_-107.jpg\"><img loading=\"lazy\" class=\"size-medium wp-image-283 alignleft\" src=\"https:\/\/kunst-im-bauwagen.com\/wp-content\/uploads\/2018\/01\/SSM_Keramik_2015_-107-300x200.jpg\" alt=\"\" width=\"300\" height=\"200\" srcset=\"https:\/\/kunst-im-bauwagen.com\/wp-content\/uploads\/2018\/01\/SSM_Keramik_2015_-107-300x200.jpg 300w, https:\/\/kunst-im-bauwagen.com\/wp-content\/uploads\/2018\/01\/SSM_Keramik_2015_-107-768x512.jpg 768w, https:\/\/kunst-im-bauwagen.com\/wp-content\/uploads\/2018\/01\/SSM_Keramik_2015_-107-1024x683.jpg 1024w\" sizes=\"(max-width: 300px) 100vw, 300px\" \/><\/a><a href=\"https:\/\/kunst-im-bauwagen.com\/wp-content\/uploads\/2018\/01\/SSM_Keramik_2015_-133.jpg\"><img loading=\"lazy\" class=\"size-medium wp-image-285 alignleft\" src=\"https:\/\/kunst-im-bauwagen.com\/wp-content\/uploads\/2018\/01\/SSM_Keramik_2015_-133-300x200.jpg\" alt=\"\" width=\"300\" height=\"200\" srcset=\"https:\/\/kunst-im-bauwagen.com\/wp-content\/uploads\/2018\/01\/SSM_Keramik_2015_-133-300x200.jpg 300w, https:\/\/kunst-im-bauwagen.com\/wp-content\/uploads\/2018\/01\/SSM_Keramik_2015_-133-768x512.jpg 768w, https:\/\/kunst-im-bauwagen.com\/wp-content\/uploads\/2018\/01\/SSM_Keramik_2015_-133-1024x683.jpg 1024w\" sizes=\"(max-width: 300px) 100vw, 300px\" \/><\/a><\/p>\n<p><a href=\"https:\/\/kunst-im-bauwagen.com\/wp-content\/uploads\/2018\/01\/SSM_Keramik_2015_-106.jpg\"><img loading=\"lazy\" class=\"size-medium wp-image-282 alignleft\" src=\"https:\/\/kunst-im-bauwagen.com\/wp-content\/uploads\/2018\/01\/SSM_Keramik_2015_-106-232x300.jpg\" alt=\"\" width=\"232\" height=\"300\" srcset=\"https:\/\/kunst-im-bauwagen.com\/wp-content\/uploads\/2018\/01\/SSM_Keramik_2015_-106-232x300.jpg 232w, https:\/\/kunst-im-bauwagen.com\/wp-content\/uploads\/2018\/01\/SSM_Keramik_2015_-106-768x993.jpg 768w, https:\/\/kunst-im-bauwagen.com\/wp-content\/uploads\/2018\/01\/SSM_Keramik_2015_-106-792x1024.jpg 792w\" sizes=\"(max-width: 232px) 100vw, 232px\" \/><\/a><\/p>\n<p><a href=\"https:\/\/kunst-im-bauwagen.com\/wp-content\/uploads\/2018\/01\/SSM_Keramik_2015_-97.jpg\"><img loading=\"lazy\" class=\"alignleft wp-image-281 size-medium\" src=\"https:\/\/kunst-im-bauwagen.com\/wp-content\/uploads\/2018\/01\/SSM_Keramik_2015_-97-200x300.jpg\" alt=\"\" width=\"200\" height=\"300\" srcset=\"https:\/\/kunst-im-bauwagen.com\/wp-content\/uploads\/2018\/01\/SSM_Keramik_2015_-97-200x300.jpg 200w, https:\/\/kunst-im-bauwagen.com\/wp-content\/uploads\/2018\/01\/SSM_Keramik_2015_-97-768x1152.jpg 768w, https:\/\/kunst-im-bauwagen.com\/wp-content\/uploads\/2018\/01\/SSM_Keramik_2015_-97-683x1024.jpg 683w, https:\/\/kunst-im-bauwagen.com\/wp-content\/uploads\/2018\/01\/SSM_Keramik_2015_-97.jpg 1969w\" sizes=\"(max-width: 200px) 100vw, 200px\" \/><\/a><a href=\"https:\/\/kunst-im-bauwagen.com\/wp-content\/uploads\/2018\/02\/IMG_3365.jpg\"><img loading=\"lazy\" class=\"alignnone  wp-image-360\" src=\"https:\/\/kunst-im-bauwagen.com\/wp-content\/uploads\/2018\/02\/IMG_3365-150x150.jpg\" alt=\"\" width=\"307\" height=\"307\" srcset=\"https:\/\/kunst-im-bauwagen.com\/wp-content\/uploads\/2018\/02\/IMG_3365-150x150.jpg 150w, https:\/\/kunst-im-bauwagen.com\/wp-content\/uploads\/2018\/02\/IMG_3365-200x200.jpg 200w\" sizes=\"(max-width: 307px) 100vw, 307px\" \/><\/a><\/p>\n","protected":false},"excerpt":{"rendered":"<p>Nat\u00fcrlich mache ich auch immer wieder Gef\u00e4\u00dfe f\u00fcr den Gebrauch. Aber ich drehe nicht sondern baue auf. Es macht mir viel Spa\u00df neben den Figuren und Druckobjekten auch einfach in dem riesigen Gestaltungraum des Gef\u00e4\u00dfes zu experimentiern um f\u00fcr mich neue Formen und Stile zu erforschen. \u00a0\u00a0 &nbsp;<\/p>\n","protected":false},"author":1,"featured_media":304,"parent":0,"menu_order":0,"comment_status":"closed","ping_status":"closed","template":"","meta":[],"_links":{"self":[{"href":"https:\/\/kunst-im-bauwagen.com\/index.php?rest_route=\/wp\/v2\/pages\/184"}],"collection":[{"href":"https:\/\/kunst-im-bauwagen.com\/index.php?rest_route=\/wp\/v2\/pages"}],"about":[{"href":"https:\/\/kunst-im-bauwagen.com\/index.php?rest_route=\/wp\/v2\/types\/page"}],"author":[{"embeddable":true,"href":"https:\/\/kunst-im-bauwagen.com\/index.php?rest_route=\/wp\/v2\/users\/1"}],"replies":[{"embeddable":true,"href":"https:\/\/kunst-im-bauwagen.com\/index.php?rest_route=%2Fwp%2Fv2%2Fcomments&post=184"}],"version-history":[{"count":5,"href":"https:\/\/kunst-im-bauwagen.com\/index.php?rest_route=\/wp\/v2\/pages\/184\/revisions"}],"predecessor-version":[{"id":370,"href":"https:\/\/kunst-im-bauwagen.com\/index.php?rest_route=\/wp\/v2\/pages\/184\/revisions\/370"}],"wp:featuredmedia":[{"embeddable":true,"href":"https:\/\/kunst-im-bauwagen.com\/index.php?rest_route=\/wp\/v2\/media\/304"}],"wp:attachment":[{"href":"https:\/\/kunst-im-bauwagen.com\/index.php?rest_route=%2Fwp%2Fv2%2Fmedia&parent=184"}],"curies":[{"name":"wp","href":"https:\/\/api.w.org\/{rel}","templated":true}]}}